{"id":18107,"date":"2024-03-14T16:14:04","date_gmt":"2024-03-14T13:14:04","guid":{"rendered":"https:\/\/sianjilife.com\/?page_id=18107"},"modified":"2024-03-14T17:11:25","modified_gmt":"2024-03-14T14:11:25","slug":"toplanti-salonu","status":"publish","type":"page","link":"https:\/\/sianjilife.com\/tr\/toplanti-salonu\/","title":{"rendered":"TOPLANTI SALONU"},"content":{"rendered":"\t\t<div data-elementor-type=\"wp-page\" data-elementor-id=\"18107\" class=\"elementor elementor-18107\">\n\t\t\t\t\t\t<section class=\"wpr-jarallax elementor-section elementor-top-section elementor-element elementor-element-7bf8d55c elementor-section-full_width wpr-jarallax-yes elementor-section-height-default elementor-section-height-default wpr-particle-no wpr-parallax-no wpr-sticky-section-no wpr-equal-height-no\" speed-data=\"1.4\" bg-image=\"https:\/\/sianjilife.com\/wp-content\/uploads\/2024\/03\/toplanti-salonu.jpg\" bg-image-mobile=\"\" scroll-effect=\"scroll\" data-id=\"7bf8d55c\" data-element_type=\"section\" data-e-type=\"section\" data-settings=\"{&quot;background_background&quot;:&quot;classic&quot;,&quot;pix_scale_in&quot;:&quot;none&quot;}\">\n\t\t\t\t\t\t\t<div class=\"elementor-background-overlay\"><\/div>\n\t\t\t\t\t\t\t<div class=\"elementor-container elementor-column-gap-no\">\n\t\t\t\t\t<div class=\"elementor-column elementor-col-100 elementor-top-column elementor-element elementor-element-77e28a64\" data-id=\"77e28a64\" data-element_type=\"column\" data-e-type=\"column\" data-settings=\"{&quot;pix_scale_in&quot;:&quot;none&quot;}\">\n\t\t\t<div class=\"elementor-widget-wrap elementor-element-populated\">\n\t\t\t\t\t\t\t<\/div>\n\t\t<\/div>\n\t\t\t\t\t<\/div>\n\t\t<\/section>\n\t\t\t\t<section class=\"elementor-section elementor-top-section elementor-element elementor-element-4e0d81b2 elementor-section-stretched elementor-section-full_width elementor-section-height-default elementor-section-height-default wpr-particle-no wpr-jarallax-no wpr-parallax-no wpr-sticky-section-no wpr-equal-height-no\" data-id=\"4e0d81b2\" data-element_type=\"section\" data-e-type=\"section\" data-settings=\"{&quot;stretch_section&quot;:&quot;section-stretched&quot;,&quot;background_background&quot;:&quot;classic&quot;,&quot;pix_scale_in&quot;:&quot;none&quot;}\">\n\t\t\t\t\t\t<div class=\"elementor-container elementor-column-gap-default\">\n\t\t\t\t\t<div class=\"elementor-column elementor-col-100 elementor-top-column elementor-element elementor-element-5fce6807\" data-id=\"5fce6807\" data-element_type=\"column\" data-e-type=\"column\" data-settings=\"{&quot;background_background&quot;:&quot;classic&quot;,&quot;pix_scale_in&quot;:&quot;none&quot;}\">\n\t\t\t<div class=\"elementor-widget-wrap elementor-element-populated\">\n\t\t\t\t\t\t<section class=\"elementor-section elementor-inner-section elementor-element elementor-element-81b5f4e elementor-section-boxed elementor-section-height-default elementor-section-height-default wpr-particle-no wpr-jarallax-no wpr-parallax-no wpr-sticky-section-no wpr-equal-height-no\" data-id=\"81b5f4e\" data-element_type=\"section\" data-e-type=\"section\" data-settings=\"{&quot;pix_scale_in&quot;:&quot;none&quot;}\">\n\t\t\t\t\t\t<div class=\"elementor-container elementor-column-gap-default\">\n\t\t\t\t\t<div class=\"elementor-column elementor-col-100 elementor-inner-column elementor-element elementor-element-17a713a2\" data-id=\"17a713a2\" data-element_type=\"column\" data-e-type=\"column\" data-settings=\"{&quot;pix_scale_in&quot;:&quot;none&quot;}\">\n\t\t\t<div class=\"elementor-widget-wrap elementor-element-populated\">\n\t\t\t\t\t\t<div class=\"elementor-element elementor-element-5b9dc53c elementor-widget elementor-widget-text-editor\" data-id=\"5b9dc53c\" data-element_type=\"widget\" data-e-type=\"widget\" data-widget_type=\"text-editor.default\">\n\t\t\t\t\t\t\t\t\t<h4>TOPLANTI SALONU<\/h4><p>Sianji Toplant\u0131 Salonu, etkinlikleriniz i\u00e7in m\u00fckemmel bir mekan sunar.<\/p>\t\t\t\t\t\t\t\t<\/div>\n\t\t\t\t\t<\/div>\n\t\t<\/div>\n\t\t\t\t\t<\/div>\n\t\t<\/section>\n\t\t\t\t\t<\/div>\n\t\t<\/div>\n\t\t\t\t\t<\/div>\n\t\t<\/section>\n\t\t\t\t<section class=\"elementor-section elementor-top-section elementor-element elementor-element-f87b248 elementor-section-boxed elementor-section-height-default elementor-section-height-default wpr-particle-no wpr-jarallax-no wpr-parallax-no wpr-sticky-section-no wpr-equal-height-no\" data-id=\"f87b248\" data-element_type=\"section\" data-e-type=\"section\" data-settings=\"{&quot;background_background&quot;:&quot;classic&quot;,&quot;pix_scale_in&quot;:&quot;none&quot;}\">\n\t\t\t\t\t\t<div class=\"elementor-container elementor-column-gap-default\">\n\t\t\t\t\t<div class=\"elementor-column elementor-col-100 elementor-top-column elementor-element elementor-element-9f18063\" data-id=\"9f18063\" data-element_type=\"column\" data-e-type=\"column\" data-settings=\"{&quot;pix_scale_in&quot;:&quot;none&quot;}\">\n\t\t\t<div class=\"elementor-widget-wrap elementor-element-populated\">\n\t\t\t\t\t\t<div class=\"elementor-element elementor-element-4a88cbc2 elementor-widget elementor-widget-spacer\" data-id=\"4a88cbc2\" data-element_type=\"widget\" data-e-type=\"widget\" data-widget_type=\"spacer.default\">\n\t\t\t\t\t\t\t<div class=\"elementor-spacer\">\n\t\t\t<div class=\"elementor-spacer-inner\"><\/div>\n\t\t<\/div>\n\t\t\t\t\t\t<\/div>\n\t\t\t\t\t<\/div>\n\t\t<\/div>\n\t\t\t\t\t<\/div>\n\t\t<\/section>\n\t\t\t\t<section class=\"elementor-section elementor-top-section elementor-element elementor-element-77894e47 elementor-section-stretched elementor-section-boxed elementor-section-height-default elementor-section-height-default wpr-particle-no wpr-jarallax-no wpr-parallax-no wpr-sticky-section-no wpr-equal-height-no\" data-id=\"77894e47\" data-element_type=\"section\" data-e-type=\"section\" data-settings=\"{&quot;stretch_section&quot;:&quot;section-stretched&quot;,&quot;background_background&quot;:&quot;classic&quot;,&quot;pix_scale_in&quot;:&quot;none&quot;}\">\n\t\t\t\t\t\t<div class=\"elementor-container elementor-column-gap-custom\">\n\t\t\t\t\t<div class=\"elementor-column elementor-col-50 elementor-top-column elementor-element elementor-element-541e7ba6\" data-id=\"541e7ba6\" data-element_type=\"column\" data-e-type=\"column\" data-settings=\"{&quot;pix_scale_in&quot;:&quot;none&quot;}\">\n\t\t\t<div class=\"elementor-widget-wrap elementor-element-populated\">\n\t\t\t\t\t\t<div class=\"elementor-element elementor-element-25d9aa51 elementor-widget elementor-widget-text-editor\" data-id=\"25d9aa51\" data-element_type=\"widget\" data-e-type=\"widget\" data-widget_type=\"text-editor.default\">\n\t\t\t\t\t\t\t\t\t<p>Sianji Toplant\u0131 Salonu, etkinlikleriniz i\u00e7in m\u00fckemmel bir mekan sunar; muhte\u015fem manzaras\u0131 ve modern donan\u0131m\u0131yla dikkat \u00e7eker. Esnek oturma d\u00fczenleri sayesinde toplant\u0131lar\u0131n\u0131z\u0131, konferanslar\u0131n\u0131z\u0131 ve di\u011fer organizasyonlar\u0131n\u0131z\u0131 kolayca planlayabilirsiniz. Kat\u0131l\u0131mc\u0131lar aras\u0131nda etkili ileti\u015fimi te\u015fvik eden bu d\u00fczen, toplant\u0131lar\u0131n\u0131za etkileyici bir ortam sa\u011flar. Geni\u015f ve ferah konferans d\u00fczeni, konu\u015fmac\u0131lar\u0131n\u0131z\u0131n ve kat\u0131l\u0131mc\u0131lar\u0131n\u0131z\u0131n rahat\u00e7a hareket etmelerini sa\u011flar. G\u00f6rsel sunumlar\u0131n\u0131z i\u00e7in ideal olan sinema d\u00fczeni, her kat\u0131l\u0131mc\u0131n\u0131n ekran\u0131 rahat\u00e7a g\u00f6rebilece\u011fi bir deneyim sunar. Ayr\u0131ca, son teknoloji ses ve g\u00f6r\u00fcnt\u00fc sistemleri, sunumlar\u0131n\u0131z\u0131 ve konu\u015fmalar\u0131n\u0131z\u0131 net bir \u015fekilde iletmek i\u00e7in haz\u0131rd\u0131r. Ergonomik tasar\u0131ml\u0131 sandalyeler ve geni\u015f masalar, uzun s\u00fcren toplant\u0131lar\u0131n\u0131z\u0131 konforlu hale getirir. Etkinliklerinizin her a\u015famas\u0131nda size yard\u0131mc\u0131 olacak deneyimli bir destek ekibi her zaman haz\u0131r bekler. Sianji Toplant\u0131 Salonu, etkinli\u011finizin ba\u015far\u0131l\u0131 ge\u00e7mesi i\u00e7in gereken her \u015feyi sa\u011flar. Rezervasyon yapmak veya daha fazla bilgi almak i\u00e7in bizimle ileti\u015fime ge\u00e7mekten \u00e7ekinmeyin. Sianji Toplant\u0131 Salonu&#8217;nu tercih ederek etkinliklerinizi unutulmaz k\u0131labilirsiniz!<\/p><h4>Oturma D\u00fczeni ve Kapasite:<\/h4><p><strong>Toplant\u0131 D\u00fczeni<\/strong> : 60 Ki\u015fi \/ 95 m2<br \/><strong>Konferans D\u00fczeni<\/strong>: 70 Ki\u015fi \/ 95 m2<br \/><strong>Sinema D\u00fczeni<\/strong>: 35 Ki\u015fi \/ 95 m2<\/p>\t\t\t\t\t\t\t\t<\/div>\n\t\t\t\t\t<\/div>\n\t\t<\/div>\n\t\t\t\t<div class=\"elementor-column elementor-col-50 elementor-top-column elementor-element elementor-element-7fc8a7a0\" data-id=\"7fc8a7a0\" data-element_type=\"column\" data-e-type=\"column\" data-settings=\"{&quot;pix_scale_in&quot;:&quot;none&quot;}\">\n\t\t\t<div class=\"elementor-widget-wrap elementor-element-populated\">\n\t\t\t\t\t\t<section class=\"elementor-section elementor-inner-section elementor-element elementor-element-4f819810 fly-sm rounded-lg overflow-hidden position-sticky sticky-top pix-sticky-top-adjust elementor-section-boxed elementor-section-height-default elementor-section-height-default wpr-particle-no wpr-jarallax-no wpr-parallax-no wpr-sticky-section-no wpr-equal-height-no\" data-id=\"4f819810\" data-element_type=\"section\" data-e-type=\"section\" data-settings=\"{&quot;pix_scale_in&quot;:&quot;none&quot;}\">\n\t\t\t\t\t\t<div class=\"elementor-container elementor-column-gap-default\">\n\t\t\t\t\t<div class=\"elementor-column elementor-col-100 elementor-inner-column elementor-element elementor-element-2b8a1173\" data-id=\"2b8a1173\" data-element_type=\"column\" data-e-type=\"column\" data-settings=\"{&quot;pix_scale_in&quot;:&quot;none&quot;}\">\n\t\t\t<div class=\"elementor-widget-wrap elementor-element-populated\">\n\t\t\t\t\t\t<div class=\"elementor-element elementor-element-c2910b4 elementor-widget elementor-widget-image\" data-id=\"c2910b4\" data-element_type=\"widget\" data-e-type=\"widget\" data-widget_type=\"image.default\">\n\t\t\t\t\t\t\t\t\t\t\t\t\t\t\t<img alt=\"\" loading=\"lazy\" decoding=\"async\" loading=\"lazy\" width=\"1600\" height=\"1066\" src=\"https:\/\/sianjilife.com\/wp-content\/uploads\/2024\/03\/toplanti-salonu.jpg\" class=\"attachment-full size-full wp-image-18111\" alt=\"\" srcset=\"https:\/\/sianjilife.com\/wp-content\/uploads\/2024\/03\/toplanti-salonu.jpg 1600w, https:\/\/sianjilife.com\/wp-content\/uploads\/2024\/03\/toplanti-salonu-300x200.jpg 300w, https:\/\/sianjilife.com\/wp-content\/uploads\/2024\/03\/toplanti-salonu-1024x682.jpg 1024w, https:\/\/sianjilife.com\/wp-content\/uploads\/2024\/03\/toplanti-salonu-768x512.jpg 768w, https:\/\/sianjilife.com\/wp-content\/uploads\/2024\/03\/toplanti-salonu-1536x1023.jpg 1536w\" sizes=\"auto, (max-width: 1600px) 100vw, 1600px\" \/>\t\t\t\t\t\t\t\t\t\t\t\t\t\t\t<\/div>\n\t\t\t\t\t<\/div>\n\t\t<\/div>\n\t\t\t\t\t<\/div>\n\t\t<\/section>\n\t\t\t\t\t<\/div>\n\t\t<\/div>\n\t\t\t\t\t<\/div>\n\t\t<\/section>\n\t\t\t\t<section class=\"elementor-section elementor-top-section elementor-element elementor-element-3dbd94ce elementor-section-boxed elementor-section-height-default elementor-section-height-default wpr-particle-no wpr-jarallax-no wpr-parallax-no wpr-sticky-section-no wpr-equal-height-no\" data-id=\"3dbd94ce\" data-element_type=\"section\" data-e-type=\"section\" data-settings=\"{&quot;background_background&quot;:&quot;classic&quot;,&quot;pix_scale_in&quot;:&quot;none&quot;}\">\n\t\t\t\t\t\t<div class=\"elementor-container elementor-column-gap-default\">\n\t\t\t\t\t<div class=\"elementor-column elementor-col-100 elementor-top-column elementor-element elementor-element-121cd5d7\" data-id=\"121cd5d7\" data-element_type=\"column\" data-e-type=\"column\" data-settings=\"{&quot;pix_scale_in&quot;:&quot;none&quot;}\">\n\t\t\t<div class=\"elementor-widget-wrap elementor-element-populated\">\n\t\t\t\t\t\t<div class=\"elementor-element elementor-element-87ecc4f elementor-widget elementor-widget-spacer\" data-id=\"87ecc4f\" data-element_type=\"widget\" data-e-type=\"widget\" data-widget_type=\"spacer.default\">\n\t\t\t\t\t\t\t<div class=\"elementor-spacer\">\n\t\t\t<div class=\"elementor-spacer-inner\"><\/div>\n\t\t<\/div>\n\t\t\t\t\t\t<\/div>\n\t\t\t\t\t<\/div>\n\t\t<\/div>\n\t\t\t\t\t<\/div>\n\t\t<\/section>\n\t\t\t\t<section class=\"elementor-section elementor-top-section elementor-element elementor-element-ad9dbff elementor-section-boxed elementor-section-height-default elementor-section-height-default wpr-particle-no wpr-jarallax-no wpr-parallax-no wpr-sticky-section-no wpr-equal-height-no\" data-id=\"ad9dbff\" data-element_type=\"section\" data-e-type=\"section\" data-settings=\"{&quot;background_background&quot;:&quot;classic&quot;,&quot;pix_scale_in&quot;:&quot;none&quot;}\">\n\t\t\t\t\t\t<div class=\"elementor-container elementor-column-gap-default\">\n\t\t\t\t\t<div class=\"elementor-column elementor-col-100 elementor-top-column elementor-element elementor-element-bd233f7\" data-id=\"bd233f7\" data-element_type=\"column\" data-e-type=\"column\" data-settings=\"{&quot;pix_scale_in&quot;:&quot;none&quot;}\">\n\t\t\t<div class=\"elementor-widget-wrap elementor-element-populated\">\n\t\t\t\t\t\t<div class=\"elementor-element elementor-element-6770d0c elementor-widget elementor-widget-spacer\" data-id=\"6770d0c\" data-element_type=\"widget\" data-e-type=\"widget\" data-widget_type=\"spacer.default\">\n\t\t\t\t\t\t\t<div class=\"elementor-spacer\">\n\t\t\t<div class=\"elementor-spacer-inner\"><\/div>\n\t\t<\/div>\n\t\t\t\t\t\t<\/div>\n\t\t\t\t\t<\/div>\n\t\t<\/div>\n\t\t\t\t\t<\/div>\n\t\t<\/section>\n\t\t\t\t<\/div>\n\t\t","protected":false},"excerpt":{"rendered":"TOPLANTI SALONUSianji Toplant\u0131 Salonu, etkinlikleriniz i\u00e7in m\u00fckemmel bir mekan sunar. Sianji Toplant\u0131 Salonu, etkinlikleriniz i\u00e7in m\u00fckemmel bir mekan sunar; muhte\u015fem manzaras\u0131 ve modern donan\u0131m\u0131yla dikkat \u00e7eker. Esnek oturma d\u00fczenleri sayesinde toplant\u0131lar\u0131n\u0131z\u0131, konferanslar\u0131n\u0131z\u0131 ve di\u011fer organizasyonlar\u0131n\u0131z\u0131 kolayca planlayabilirsiniz. Kat\u0131l\u0131mc\u0131lar aras\u0131nda etkili","protected":false},"author":5,"featured_media":0,"parent":0,"menu_order":0,"comment_status":"closed","ping_status":"closed","template":"elementor_theme","meta":{"_seopress_robots_primary_cat":"","_seopress_titles_title":"","_seopress_titles_desc":"","_seopress_robots_index":"","nf_dc_page":"","googlesitekit_rrm_CAow6IK3DA:productID":"","footnotes":""},"class_list":["post-18107","page","type-page","status-publish","hentry"],"yoast_head":"<!-- This site is optimized with the Yoast SEO plugin v27.3 - https:\/\/yoast.com\/product\/yoast-seo-wordpress\/ -->\n<title>TOPLANTI SALONU - SIANJI Well-Being Resort<\/title>\n<meta name=\"robots\" content=\"index, follow, max-snippet:-1, max-image-preview:large, max-video-preview:-1\" \/>\n<link rel=\"canonical\" href=\"https:\/\/sianjilife.com\/tr\/toplanti-salonu\/\" \/>\n<meta property=\"og:locale\" content=\"tr_TR\" \/>\n<meta property=\"og:type\" content=\"article\" \/>\n<meta property=\"og:title\" content=\"TOPLANTI SALONU - SIANJI Well-Being Resort\" \/>\n<meta property=\"og:description\" content=\"TOPLANTI SALONUSianji Toplant\u0131 Salonu, etkinlikleriniz i\u00e7in m\u00fckemmel bir mekan sunar. Sianji Toplant\u0131 Salonu, etkinlikleriniz i\u00e7in m\u00fckemmel bir mekan sunar; muhte\u015fem manzaras\u0131 ve modern donan\u0131m\u0131yla dikkat \u00e7eker. Esnek oturma d\u00fczenleri sayesinde toplant\u0131lar\u0131n\u0131z\u0131, konferanslar\u0131n\u0131z\u0131 ve di\u011fer organizasyonlar\u0131n\u0131z\u0131 kolayca planlayabilirsiniz. Kat\u0131l\u0131mc\u0131lar aras\u0131nda etkili\" \/>\n<meta property=\"og:url\" content=\"https:\/\/sianjilife.com\/tr\/toplanti-salonu\/\" \/>\n<meta property=\"og:site_name\" content=\"SIANJI Well-Being Resort\" \/>\n<meta property=\"article:publisher\" content=\"http:\/\/facebook.com\/sianjibodrum\" \/>\n<meta property=\"article:modified_time\" content=\"2024-03-14T14:11:25+00:00\" \/>\n<meta property=\"og:image\" content=\"https:\/\/sianjilife.com\/wp-content\/uploads\/2024\/03\/toplanti-salonu.jpg\" \/>\n<meta name=\"twitter:card\" content=\"summary_large_image\" \/>\n<meta name=\"twitter:site\" content=\"@sianjibodrum\" \/>\n<meta name=\"twitter:label1\" content=\"Tahmini okuma s\u00fcresi\" \/>\n\t<meta name=\"twitter:data1\" content=\"2 dakika\" \/>\n<script type=\"application\/ld+json\" class=\"yoast-schema-graph\">{\"@context\":\"https:\\\/\\\/schema.org\",\"@graph\":[{\"@type\":\"WebPage\",\"@id\":\"https:\\\/\\\/sianjilife.com\\\/tr\\\/toplanti-salonu\\\/\",\"url\":\"https:\\\/\\\/sianjilife.com\\\/tr\\\/toplanti-salonu\\\/\",\"name\":\"TOPLANTI SALONU - SIANJI Well-Being Resort\",\"isPartOf\":{\"@id\":\"https:\\\/\\\/sianjilife.com\\\/tr\\\/#website\"},\"primaryImageOfPage\":{\"@id\":\"https:\\\/\\\/sianjilife.com\\\/tr\\\/toplanti-salonu\\\/#primaryimage\"},\"image\":{\"@id\":\"https:\\\/\\\/sianjilife.com\\\/tr\\\/toplanti-salonu\\\/#primaryimage\"},\"thumbnailUrl\":\"https:\\\/\\\/sianjilife.com\\\/wp-content\\\/uploads\\\/2024\\\/03\\\/toplanti-salonu.jpg\",\"datePublished\":\"2024-03-14T13:14:04+00:00\",\"dateModified\":\"2024-03-14T14:11:25+00:00\",\"breadcrumb\":{\"@id\":\"https:\\\/\\\/sianjilife.com\\\/tr\\\/toplanti-salonu\\\/#breadcrumb\"},\"inLanguage\":\"tr\",\"potentialAction\":[{\"@type\":\"ReadAction\",\"target\":[\"https:\\\/\\\/sianjilife.com\\\/tr\\\/toplanti-salonu\\\/\"]}]},{\"@type\":\"ImageObject\",\"inLanguage\":\"tr\",\"@id\":\"https:\\\/\\\/sianjilife.com\\\/tr\\\/toplanti-salonu\\\/#primaryimage\",\"url\":\"https:\\\/\\\/sianjilife.com\\\/wp-content\\\/uploads\\\/2024\\\/03\\\/toplanti-salonu.jpg\",\"contentUrl\":\"https:\\\/\\\/sianjilife.com\\\/wp-content\\\/uploads\\\/2024\\\/03\\\/toplanti-salonu.jpg\"},{\"@type\":\"BreadcrumbList\",\"@id\":\"https:\\\/\\\/sianjilife.com\\\/tr\\\/toplanti-salonu\\\/#breadcrumb\",\"itemListElement\":[{\"@type\":\"ListItem\",\"position\":1,\"name\":\"Home\",\"item\":\"https:\\\/\\\/sianjilife.com\\\/tr\\\/\"},{\"@type\":\"ListItem\",\"position\":2,\"name\":\"TOPLANTI SALONU\"}]},{\"@type\":\"WebSite\",\"@id\":\"https:\\\/\\\/sianjilife.com\\\/tr\\\/#website\",\"url\":\"https:\\\/\\\/sianjilife.com\\\/tr\\\/\",\"name\":\"Sianji Well Being Resort\",\"description\":\"B\u00fct\u00fcnsel iyile\u015fme ve keyifli bir tatil!\",\"publisher\":{\"@id\":\"https:\\\/\\\/sianjilife.com\\\/tr\\\/#organization\"},\"potentialAction\":[{\"@type\":\"SearchAction\",\"target\":{\"@type\":\"EntryPoint\",\"urlTemplate\":\"https:\\\/\\\/sianjilife.com\\\/tr\\\/?s={search_term_string}\"},\"query-input\":{\"@type\":\"PropertyValueSpecification\",\"valueRequired\":true,\"valueName\":\"search_term_string\"}}],\"inLanguage\":\"tr\"},{\"@type\":\"Organization\",\"@id\":\"https:\\\/\\\/sianjilife.com\\\/tr\\\/#organization\",\"name\":\"Sianji Well Being Resort\",\"url\":\"https:\\\/\\\/sianjilife.com\\\/tr\\\/\",\"logo\":{\"@type\":\"ImageObject\",\"inLanguage\":\"tr\",\"@id\":\"https:\\\/\\\/sianjilife.com\\\/tr\\\/#\\\/schema\\\/logo\\\/image\\\/\",\"url\":\"https:\\\/\\\/sianjilife.com\\\/wp-content\\\/uploads\\\/2023\\\/01\\\/sianji-black-logo-new.svg\",\"contentUrl\":\"https:\\\/\\\/sianjilife.com\\\/wp-content\\\/uploads\\\/2023\\\/01\\\/sianji-black-logo-new.svg\",\"width\":803,\"height\":212,\"caption\":\"Sianji Well Being Resort\"},\"image\":{\"@id\":\"https:\\\/\\\/sianjilife.com\\\/tr\\\/#\\\/schema\\\/logo\\\/image\\\/\"},\"sameAs\":[\"http:\\\/\\\/facebook.com\\\/sianjibodrum\",\"https:\\\/\\\/x.com\\\/sianjibodrum\",\"https:\\\/\\\/instagram.com\\\/sianji\",\"https:\\\/\\\/www.tripadvisor.com.tr\\\/UserReviewEdit-d1553772\"]}]}<\/script>\n<!-- \/ Yoast SEO plugin. -->","yoast_head_json":{"title":"TOPLANTI SALONU - SIANJI Well-Being Resort","robots":{"index":"index","follow":"follow","max-snippet":"max-snippet:-1","max-image-preview":"max-image-preview:large","max-video-preview":"max-video-preview:-1"},"canonical":"https:\/\/sianjilife.com\/tr\/toplanti-salonu\/","og_locale":"tr_TR","og_type":"article","og_title":"TOPLANTI SALONU - SIANJI Well-Being Resort","og_description":"TOPLANTI SALONUSianji Toplant\u0131 Salonu, etkinlikleriniz i\u00e7in m\u00fckemmel bir mekan sunar. Sianji Toplant\u0131 Salonu, etkinlikleriniz i\u00e7in m\u00fckemmel bir mekan sunar; muhte\u015fem manzaras\u0131 ve modern donan\u0131m\u0131yla dikkat \u00e7eker. Esnek oturma d\u00fczenleri sayesinde toplant\u0131lar\u0131n\u0131z\u0131, konferanslar\u0131n\u0131z\u0131 ve di\u011fer organizasyonlar\u0131n\u0131z\u0131 kolayca planlayabilirsiniz. Kat\u0131l\u0131mc\u0131lar aras\u0131nda etkili","og_url":"https:\/\/sianjilife.com\/tr\/toplanti-salonu\/","og_site_name":"SIANJI Well-Being Resort","article_publisher":"http:\/\/facebook.com\/sianjibodrum","article_modified_time":"2024-03-14T14:11:25+00:00","og_image":[{"url":"https:\/\/sianjilife.com\/wp-content\/uploads\/2024\/03\/toplanti-salonu.jpg","type":"","width":"","height":""}],"twitter_card":"summary_large_image","twitter_site":"@sianjibodrum","twitter_misc":{"Tahmini okuma s\u00fcresi":"2 dakika"},"schema":{"@context":"https:\/\/schema.org","@graph":[{"@type":"WebPage","@id":"https:\/\/sianjilife.com\/tr\/toplanti-salonu\/","url":"https:\/\/sianjilife.com\/tr\/toplanti-salonu\/","name":"TOPLANTI SALONU - SIANJI Well-Being Resort","isPartOf":{"@id":"https:\/\/sianjilife.com\/tr\/#website"},"primaryImageOfPage":{"@id":"https:\/\/sianjilife.com\/tr\/toplanti-salonu\/#primaryimage"},"image":{"@id":"https:\/\/sianjilife.com\/tr\/toplanti-salonu\/#primaryimage"},"thumbnailUrl":"https:\/\/sianjilife.com\/wp-content\/uploads\/2024\/03\/toplanti-salonu.jpg","datePublished":"2024-03-14T13:14:04+00:00","dateModified":"2024-03-14T14:11:25+00:00","breadcrumb":{"@id":"https:\/\/sianjilife.com\/tr\/toplanti-salonu\/#breadcrumb"},"inLanguage":"tr","potentialAction":[{"@type":"ReadAction","target":["https:\/\/sianjilife.com\/tr\/toplanti-salonu\/"]}]},{"@type":"ImageObject","inLanguage":"tr","@id":"https:\/\/sianjilife.com\/tr\/toplanti-salonu\/#primaryimage","url":"https:\/\/sianjilife.com\/wp-content\/uploads\/2024\/03\/toplanti-salonu.jpg","contentUrl":"https:\/\/sianjilife.com\/wp-content\/uploads\/2024\/03\/toplanti-salonu.jpg"},{"@type":"BreadcrumbList","@id":"https:\/\/sianjilife.com\/tr\/toplanti-salonu\/#breadcrumb","itemListElement":[{"@type":"ListItem","position":1,"name":"Home","item":"https:\/\/sianjilife.com\/tr\/"},{"@type":"ListItem","position":2,"name":"TOPLANTI SALONU"}]},{"@type":"WebSite","@id":"https:\/\/sianjilife.com\/tr\/#website","url":"https:\/\/sianjilife.com\/tr\/","name":"Sianji Well Being Resort","description":"B\u00fct\u00fcnsel iyile\u015fme ve keyifli bir tatil!","publisher":{"@id":"https:\/\/sianjilife.com\/tr\/#organization"},"potentialAction":[{"@type":"SearchAction","target":{"@type":"EntryPoint","urlTemplate":"https:\/\/sianjilife.com\/tr\/?s={search_term_string}"},"query-input":{"@type":"PropertyValueSpecification","valueRequired":true,"valueName":"search_term_string"}}],"inLanguage":"tr"},{"@type":"Organization","@id":"https:\/\/sianjilife.com\/tr\/#organization","name":"Sianji Well Being Resort","url":"https:\/\/sianjilife.com\/tr\/","logo":{"@type":"ImageObject","inLanguage":"tr","@id":"https:\/\/sianjilife.com\/tr\/#\/schema\/logo\/image\/","url":"https:\/\/sianjilife.com\/wp-content\/uploads\/2023\/01\/sianji-black-logo-new.svg","contentUrl":"https:\/\/sianjilife.com\/wp-content\/uploads\/2023\/01\/sianji-black-logo-new.svg","width":803,"height":212,"caption":"Sianji Well Being Resort"},"image":{"@id":"https:\/\/sianjilife.com\/tr\/#\/schema\/logo\/image\/"},"sameAs":["http:\/\/facebook.com\/sianjibodrum","https:\/\/x.com\/sianjibodrum","https:\/\/instagram.com\/sianji","https:\/\/www.tripadvisor.com.tr\/UserReviewEdit-d1553772"]}]}},"_links":{"self":[{"href":"https:\/\/sianjilife.com\/tr\/wp-json\/wp\/v2\/pages\/18107","targetHints":{"allow":["GET"]}}],"collection":[{"href":"https:\/\/sianjilife.com\/tr\/wp-json\/wp\/v2\/pages"}],"about":[{"href":"https:\/\/sianjilife.com\/tr\/wp-json\/wp\/v2\/types\/page"}],"author":[{"embeddable":true,"href":"https:\/\/sianjilife.com\/tr\/wp-json\/wp\/v2\/users\/5"}],"replies":[{"embeddable":true,"href":"https:\/\/sianjilife.com\/tr\/wp-json\/wp\/v2\/comments?post=18107"}],"version-history":[{"count":0,"href":"https:\/\/sianjilife.com\/tr\/wp-json\/wp\/v2\/pages\/18107\/revisions"}],"wp:attachment":[{"href":"https:\/\/sianjilife.com\/tr\/wp-json\/wp\/v2\/media?parent=18107"}],"curies":[{"name":"wp","href":"https:\/\/api.w.org\/{rel}","templated":true}]}}