{"id":18017,"date":"2024-01-26T15:40:46","date_gmt":"2024-01-26T12:40:46","guid":{"rendered":"https:\/\/sianjilife.com\/?page_id=18017"},"modified":"2026-04-13T16:52:56","modified_gmt":"2026-04-13T13:52:56","slug":"kampanyalar","status":"publish","type":"page","link":"https:\/\/sianjilife.com\/tr\/kampanyalar\/","title":{"rendered":"Kampanyalar"},"content":{"rendered":"","protected":false},"excerpt":{"rendered":"","protected":false},"author":5,"featured_media":0,"parent":0,"menu_order":0,"comment_status":"closed","ping_status":"closed","template":"","meta":{"_seopress_robots_primary_cat":"","_seopress_titles_title":"","_seopress_titles_desc":"","_seopress_robots_index":"","nf_dc_page":"","googlesitekit_rrm_CAow6IK3DA:productID":"","footnotes":""},"class_list":["post-18017","page","type-page","status-publish","hentry"],"yoast_head":"<!-- This site is optimized with the Yoast SEO plugin v27.3 - https:\/\/yoast.com\/product\/yoast-seo-wordpress\/ -->\n<title>Resmi Web Sitesi | En \u0130yi Fiyat Garantisi<\/title>\n<meta name=\"description\" content=\"Sianji Well-Being Resort resmi web sitesi. En iyi fiyat garantisi ve \u00f6zel avantajlarla Bodrum\u2019da l\u00fcks tatil i\u00e7in hemen rezervasyon yap\u0131n.\" \/>\n<meta name=\"robots\" content=\"index, follow, max-snippet:-1, max-image-preview:large, max-video-preview:-1\" \/>\n<link rel=\"canonical\" href=\"https:\/\/sianji-well-being-resort.hotelrunner.com\/bv3\/\" \/>\n<meta property=\"og:locale\" content=\"tr_TR\" \/>\n<meta property=\"og:type\" content=\"article\" \/>\n<meta property=\"og:title\" content=\"Resmi Web Sitesi | En \u0130yi Fiyat Garantisi\" \/>\n<meta property=\"og:description\" content=\"Sianji Well-Being Resort resmi web sitesi. En iyi fiyat garantisi ve \u00f6zel avantajlarla Bodrum\u2019da l\u00fcks tatil i\u00e7in hemen rezervasyon yap\u0131n.\" \/>\n<meta property=\"og:url\" content=\"https:\/\/sianji-well-being-resort.hotelrunner.com\/bv3\" \/>\n<meta property=\"og:site_name\" content=\"SIANJI Well-Being Resort\" \/>\n<meta property=\"article:publisher\" content=\"http:\/\/facebook.com\/sianjibodrum\" \/>\n<meta property=\"article:modified_time\" content=\"2026-04-13T13:52:56+00:00\" \/>\n<meta property=\"og:image\" content=\"https:\/\/sianjilife.com\/wp-content\/uploads\/2024\/01\/bg.png\" \/>\n\t<meta property=\"og:image:width\" content=\"1903\" \/>\n\t<meta property=\"og:image:height\" content=\"888\" \/>\n\t<meta property=\"og:image:type\" content=\"image\/png\" \/>\n<meta name=\"twitter:card\" content=\"summary_large_image\" \/>\n<meta name=\"twitter:site\" content=\"@sianjibodrum\" \/>\n<script type=\"application\/ld+json\" class=\"yoast-schema-graph\">{\"@context\":\"https:\\\/\\\/schema.org\",\"@graph\":[{\"@type\":\"WebPage\",\"@id\":\"https:\\\/\\\/sianjilife.com\\\/tr\\\/kampanyalar\\\/\",\"url\":\"https:\\\/\\\/sianji-well-being-resort.hotelrunner.com\\\/bv3\",\"name\":\"Resmi Web Sitesi | En \u0130yi Fiyat Garantisi\",\"isPartOf\":{\"@id\":\"https:\\\/\\\/sianjilife.com\\\/tr\\\/#website\"},\"datePublished\":\"2024-01-26T12:40:46+00:00\",\"dateModified\":\"2026-04-13T13:52:56+00:00\",\"description\":\"Sianji Well-Being Resort resmi web sitesi. En iyi fiyat garantisi ve \u00f6zel avantajlarla Bodrum\u2019da l\u00fcks tatil i\u00e7in hemen rezervasyon yap\u0131n.\",\"breadcrumb\":{\"@id\":\"https:\\\/\\\/sianji-well-being-resort.hotelrunner.com\\\/bv3#breadcrumb\"},\"inLanguage\":\"tr\",\"potentialAction\":[{\"@type\":\"ReadAction\",\"target\":[\"https:\\\/\\\/sianji-well-being-resort.hotelrunner.com\\\/bv3\"]}]},{\"@type\":\"BreadcrumbList\",\"@id\":\"https:\\\/\\\/sianji-well-being-resort.hotelrunner.com\\\/bv3#breadcrumb\",\"itemListElement\":[{\"@type\":\"ListItem\",\"position\":1,\"name\":\"Home\",\"item\":\"https:\\\/\\\/sianjilife.com\\\/tr\\\/\"},{\"@type\":\"ListItem\",\"position\":2,\"name\":\"Kampanyalar\"}]},{\"@type\":\"WebSite\",\"@id\":\"https:\\\/\\\/sianjilife.com\\\/tr\\\/#website\",\"url\":\"https:\\\/\\\/sianjilife.com\\\/tr\\\/\",\"name\":\"Sianji Well Being Resort\",\"description\":\"B\u00fct\u00fcnsel iyile\u015fme ve keyifli bir tatil!\",\"publisher\":{\"@id\":\"https:\\\/\\\/sianjilife.com\\\/tr\\\/#organization\"},\"potentialAction\":[{\"@type\":\"SearchAction\",\"target\":{\"@type\":\"EntryPoint\",\"urlTemplate\":\"https:\\\/\\\/sianjilife.com\\\/tr\\\/?s={search_term_string}\"},\"query-input\":{\"@type\":\"PropertyValueSpecification\",\"valueRequired\":true,\"valueName\":\"search_term_string\"}}],\"inLanguage\":\"tr\"},{\"@type\":\"Organization\",\"@id\":\"https:\\\/\\\/sianjilife.com\\\/tr\\\/#organization\",\"name\":\"Sianji Well Being Resort\",\"url\":\"https:\\\/\\\/sianjilife.com\\\/tr\\\/\",\"logo\":{\"@type\":\"ImageObject\",\"inLanguage\":\"tr\",\"@id\":\"https:\\\/\\\/sianjilife.com\\\/tr\\\/#\\\/schema\\\/logo\\\/image\\\/\",\"url\":\"https:\\\/\\\/sianjilife.com\\\/wp-content\\\/uploads\\\/2023\\\/01\\\/sianji-black-logo-new.svg\",\"contentUrl\":\"https:\\\/\\\/sianjilife.com\\\/wp-content\\\/uploads\\\/2023\\\/01\\\/sianji-black-logo-new.svg\",\"width\":803,\"height\":212,\"caption\":\"Sianji Well Being Resort\"},\"image\":{\"@id\":\"https:\\\/\\\/sianjilife.com\\\/tr\\\/#\\\/schema\\\/logo\\\/image\\\/\"},\"sameAs\":[\"http:\\\/\\\/facebook.com\\\/sianjibodrum\",\"https:\\\/\\\/x.com\\\/sianjibodrum\",\"https:\\\/\\\/instagram.com\\\/sianji\",\"https:\\\/\\\/www.tripadvisor.com.tr\\\/UserReviewEdit-d1553772\"]}]}<\/script>\n<!-- \/ Yoast SEO plugin. -->","yoast_head_json":{"title":"Resmi Web Sitesi | En \u0130yi Fiyat Garantisi","description":"Sianji Well-Being Resort resmi web sitesi. En iyi fiyat garantisi ve \u00f6zel avantajlarla Bodrum\u2019da l\u00fcks tatil i\u00e7in hemen rezervasyon yap\u0131n.","robots":{"index":"index","follow":"follow","max-snippet":"max-snippet:-1","max-image-preview":"max-image-preview:large","max-video-preview":"max-video-preview:-1"},"canonical":"https:\/\/sianji-well-being-resort.hotelrunner.com\/bv3\/","og_locale":"tr_TR","og_type":"article","og_title":"Resmi Web Sitesi | En \u0130yi Fiyat Garantisi","og_description":"Sianji Well-Being Resort resmi web sitesi. En iyi fiyat garantisi ve \u00f6zel avantajlarla Bodrum\u2019da l\u00fcks tatil i\u00e7in hemen rezervasyon yap\u0131n.","og_url":"https:\/\/sianji-well-being-resort.hotelrunner.com\/bv3","og_site_name":"SIANJI Well-Being Resort","article_publisher":"http:\/\/facebook.com\/sianjibodrum","article_modified_time":"2026-04-13T13:52:56+00:00","og_image":[{"width":1903,"height":888,"url":"https:\/\/sianjilife.com\/wp-content\/uploads\/2024\/01\/bg.png","type":"image\/png"}],"twitter_card":"summary_large_image","twitter_site":"@sianjibodrum","schema":{"@context":"https:\/\/schema.org","@graph":[{"@type":"WebPage","@id":"https:\/\/sianjilife.com\/tr\/kampanyalar\/","url":"https:\/\/sianji-well-being-resort.hotelrunner.com\/bv3","name":"Resmi Web Sitesi | En \u0130yi Fiyat Garantisi","isPartOf":{"@id":"https:\/\/sianjilife.com\/tr\/#website"},"datePublished":"2024-01-26T12:40:46+00:00","dateModified":"2026-04-13T13:52:56+00:00","description":"Sianji Well-Being Resort resmi web sitesi. En iyi fiyat garantisi ve \u00f6zel avantajlarla Bodrum\u2019da l\u00fcks tatil i\u00e7in hemen rezervasyon yap\u0131n.","breadcrumb":{"@id":"https:\/\/sianji-well-being-resort.hotelrunner.com\/bv3#breadcrumb"},"inLanguage":"tr","potentialAction":[{"@type":"ReadAction","target":["https:\/\/sianji-well-being-resort.hotelrunner.com\/bv3"]}]},{"@type":"BreadcrumbList","@id":"https:\/\/sianji-well-being-resort.hotelrunner.com\/bv3#breadcrumb","itemListElement":[{"@type":"ListItem","position":1,"name":"Home","item":"https:\/\/sianjilife.com\/tr\/"},{"@type":"ListItem","position":2,"name":"Kampanyalar"}]},{"@type":"WebSite","@id":"https:\/\/sianjilife.com\/tr\/#website","url":"https:\/\/sianjilife.com\/tr\/","name":"Sianji Well Being Resort","description":"B\u00fct\u00fcnsel iyile\u015fme ve keyifli bir tatil!","publisher":{"@id":"https:\/\/sianjilife.com\/tr\/#organization"},"potentialAction":[{"@type":"SearchAction","target":{"@type":"EntryPoint","urlTemplate":"https:\/\/sianjilife.com\/tr\/?s={search_term_string}"},"query-input":{"@type":"PropertyValueSpecification","valueRequired":true,"valueName":"search_term_string"}}],"inLanguage":"tr"},{"@type":"Organization","@id":"https:\/\/sianjilife.com\/tr\/#organization","name":"Sianji Well Being Resort","url":"https:\/\/sianjilife.com\/tr\/","logo":{"@type":"ImageObject","inLanguage":"tr","@id":"https:\/\/sianjilife.com\/tr\/#\/schema\/logo\/image\/","url":"https:\/\/sianjilife.com\/wp-content\/uploads\/2023\/01\/sianji-black-logo-new.svg","contentUrl":"https:\/\/sianjilife.com\/wp-content\/uploads\/2023\/01\/sianji-black-logo-new.svg","width":803,"height":212,"caption":"Sianji Well Being Resort"},"image":{"@id":"https:\/\/sianjilife.com\/tr\/#\/schema\/logo\/image\/"},"sameAs":["http:\/\/facebook.com\/sianjibodrum","https:\/\/x.com\/sianjibodrum","https:\/\/instagram.com\/sianji","https:\/\/www.tripadvisor.com.tr\/UserReviewEdit-d1553772"]}]}},"_links":{"self":[{"href":"https:\/\/sianjilife.com\/tr\/wp-json\/wp\/v2\/pages\/18017","targetHints":{"allow":["GET"]}}],"collection":[{"href":"https:\/\/sianjilife.com\/tr\/wp-json\/wp\/v2\/pages"}],"about":[{"href":"https:\/\/sianjilife.com\/tr\/wp-json\/wp\/v2\/types\/page"}],"author":[{"embeddable":true,"href":"https:\/\/sianjilife.com\/tr\/wp-json\/wp\/v2\/users\/5"}],"replies":[{"embeddable":true,"href":"https:\/\/sianjilife.com\/tr\/wp-json\/wp\/v2\/comments?post=18017"}],"version-history":[{"count":0,"href":"https:\/\/sianjilife.com\/tr\/wp-json\/wp\/v2\/pages\/18017\/revisions"}],"wp:attachment":[{"href":"https:\/\/sianjilife.com\/tr\/wp-json\/wp\/v2\/media?parent=18017"}],"curies":[{"name":"wp","href":"https:\/\/api.w.org\/{rel}","templated":true}]}}