{"id":17950,"date":"2023-12-25T13:50:18","date_gmt":"2023-12-25T10:50:18","guid":{"rendered":"https:\/\/sianjilife.com\/?page_id=17950"},"modified":"2023-12-25T13:55:17","modified_gmt":"2023-12-25T10:55:17","slug":"surdurulebilirlik-politikamiz","status":"publish","type":"page","link":"https:\/\/sianjilife.com\/tr\/surdurulebilirlik-politikamiz\/","title":{"rendered":"S\u00fcrd\u00fcr\u00fclebilirlik Politikam\u0131z"},"content":{"rendered":"\t\t<div data-elementor-type=\"wp-page\" data-elementor-id=\"17950\" class=\"elementor elementor-17950\">\n\t\t\t\t\t\t<section class=\"elementor-section elementor-top-section elementor-element elementor-element-ecfdaa6 elementor-section-boxed elementor-section-height-default elementor-section-height-default wpr-particle-no wpr-jarallax-no wpr-parallax-no wpr-sticky-section-no wpr-equal-height-no\" data-id=\"ecfdaa6\" data-element_type=\"section\" data-e-type=\"section\" data-settings=\"{&quot;pix_scale_in&quot;:&quot;none&quot;}\">\n\t\t\t\t\t\t<div class=\"elementor-container elementor-column-gap-default\">\n\t\t\t\t\t<div class=\"elementor-column elementor-col-100 elementor-top-column elementor-element elementor-element-5f6fe7f\" data-id=\"5f6fe7f\" data-element_type=\"column\" data-e-type=\"column\" data-settings=\"{&quot;pix_scale_in&quot;:&quot;none&quot;}\">\n\t\t\t<div class=\"elementor-widget-wrap elementor-element-populated\">\n\t\t\t\t\t\t<div class=\"elementor-element elementor-element-d6bdf79 elementor-widget elementor-widget-text-editor\" data-id=\"d6bdf79\" data-element_type=\"widget\" data-e-type=\"widget\" data-widget_type=\"text-editor.default\">\n\t\t\t\t\t\t\t\t\t<p>Sianji Well Being Resort &amp; SPA olarak S\u00fcrd\u00fcr\u00fclebilir Turizm gerekliliklerini Otel konseptimize uyumlu olarak uygun faaliyetler ger\u00e7ekle\u015ftirmek ve yasal \u015fartlara uymak temel ama\u00e7lar\u0131m\u0131zdand\u0131r.<\/p><p>Misafir ve \u00e7al\u0131\u015fanlar\u0131m\u0131z i\u00e7in sa\u011fl\u0131kl\u0131 ve kaliteli hizmet sa\u011flar bu ko\u015fullara etki edebilecek riskleri de\u011ferlendiririz. Acil durumlarda olu\u015fabilecek kay\u0131p ve kazalar\u0131 \u00f6nlemek i\u00e7in eylem planlar\u0131m\u0131z mevcuttur.<\/p><p><br \/><strong>Bu do\u011frultuda:<\/strong><br \/>Bodrum B\u00f6lgesi turizmine katk\u0131 sa\u011flamak ve s\u00fcrekli iyile\u015ftirmek i\u00e7in \u00e7al\u0131\u015fmalar s\u00fcrd\u00fcr\u00fcyoruz.<br \/>Do\u011fal \u00e7evreyi kirletmeden, yasalara uygun at\u0131k y\u00f6netim metotlar\u0131n\u0131 uyguluyoruz, kaynaklar\u0131n tasarruflu t\u00fcketimi i\u00e7in misafirlerimizi ve \u00e7al\u0131\u015fanlar\u0131m\u0131z\u0131 bilin\u00e7lendiriyor ve desteklerini istiyor ve uygun teknik tasar\u0131mlar kullan\u0131yoruz.<br \/>\u25cf Kurulu\u015fumuzda Personelimize dil, din,\u0131rk,cinsiyet ayr\u0131mc\u0131l\u0131\u011f\u0131 yap\u0131lmaz,kad\u0131n \u00e7al\u0131\u015fanlar desteklenir.<br \/>\u25cf B\u00f6lge ekonomisinin b\u00fcy\u00fcmesine katk\u0131 sa\u011flamak i\u00e7in i\u015f g\u00fcc\u00fcm\u00fcz\u00fc b\u00f6lge halk\u0131ndan olu\u015fturmay\u0131 tercih ediyoruz. B\u00f6lge \u00e7al\u0131\u015fan say\u0131lar\u0131m\u0131z\u0131 izliyoruz.<br \/>\u25cf \u00c7ocuk i\u015f\u00e7i \u00e7al\u0131\u015fmas\u0131na izin vermiyoruz, her t\u00fcrl\u00fc \u00e7ocuk istismar ve tacizine kar\u015f\u0131y\u0131z.<br \/>Sat\u0131npolitikam\u0131z do\u011frultusunda kalite standartlar\u0131na uymas\u0131 ko\u015fulu ile b\u00f6lgemiz tedarik\u00e7ilerinden \u00fcr\u00fcn ve hizmet sat\u0131n alarak yerel ekonomiyi destekliyoruz. Tedarik\u00e7i se\u00e7iminde adil, d\u00fcr\u00fcst ve tarafs\u0131z davran\u0131yoruz.<\/p><p>Misafirlerimize daha kaliteli hizmet sunabilmek i\u00e7in istek, beklenti ve ihtiya\u00e7lar\u0131n\u0131 al\u0131yor izliyor ve de\u011ferlendiriyoruz, \u015fikayetlerini etkili olarak gideriyoruz.<\/p><p>Otelimizde,herkes i\u00e7in eri\u015filebilir hizmet anlay\u0131\u015f\u0131n\u0131 benimsiyoruz bu konuda engelli misafirler i\u00e7in ko\u015fullar\u0131m\u0131z\u0131 sa\u011fl\u0131yor ve s\u00fcrekli iyile\u015ftiriyoruz.<\/p><p>Tarihi, arkeolojik, k\u00fclt\u00fcrel ve manevi \u00f6neme sahip yerel alanlar\u0131n ve geleneklerin korunmas\u0131 ve bilinirli\u011fine otel tv kanal\u0131m\u0131zda tan\u0131t\u0131m yaparak katk\u0131 sa\u011fl\u0131yoruz.<\/p><p>Sosyal sorumluluk projelerimiz kapsam\u0131nda \u00e7evreyi koruyor ve g\u00fczelle\u015ftiriyoruz.<\/p><h4 style=\"text-align: center;\"><strong>&#8211; Genel M\u00fcd\u00fcr &#8211;\u00a0<\/strong><\/h4>\t\t\t\t\t\t\t\t<\/div>\n\t\t\t\t\t<\/div>\n\t\t<\/div>\n\t\t\t\t\t<\/div>\n\t\t<\/section>\n\t\t\t\t<\/div>\n\t\t","protected":false},"excerpt":{"rendered":"Sianji Well Being Resort &amp; SPA olarak S\u00fcrd\u00fcr\u00fclebilir Turizm gerekliliklerini Otel konseptimize uyumlu olarak uygun faaliyetler ger\u00e7ekle\u015ftirmek ve yasal \u015fartlara uymak temel ama\u00e7lar\u0131m\u0131zdand\u0131r.Misafir ve \u00e7al\u0131\u015fanlar\u0131m\u0131z i\u00e7in sa\u011fl\u0131kl\u0131 ve kaliteli hizmet sa\u011flar bu ko\u015fullara etki edebilecek riskleri de\u011ferlendiririz. Acil durumlarda olu\u015fabilecek","protected":false},"author":5,"featured_media":0,"parent":0,"menu_order":0,"comment_status":"closed","ping_status":"closed","template":"","meta":{"_seopress_robots_primary_cat":"","_seopress_titles_title":"","_seopress_titles_desc":"","_seopress_robots_index":"","nf_dc_page":"","googlesitekit_rrm_CAow6IK3DA:productID":"","footnotes":""},"class_list":["post-17950","page","type-page","status-publish","hentry"],"yoast_head":"<!-- This site is optimized with the Yoast SEO plugin v27.3 - https:\/\/yoast.com\/product\/yoast-seo-wordpress\/ -->\n<title>S\u00fcrd\u00fcr\u00fclebilirlik Politikam\u0131z - SIANJI Well-Being Resort<\/title>\n<meta name=\"robots\" content=\"index, follow, max-snippet:-1, max-image-preview:large, max-video-preview:-1\" \/>\n<link rel=\"canonical\" href=\"https:\/\/sianjilife.com\/tr\/surdurulebilirlik-politikamiz\/\" \/>\n<meta property=\"og:locale\" content=\"tr_TR\" \/>\n<meta property=\"og:type\" content=\"article\" \/>\n<meta property=\"og:title\" content=\"S\u00fcrd\u00fcr\u00fclebilirlik Politikam\u0131z - SIANJI Well-Being Resort\" \/>\n<meta property=\"og:description\" content=\"Sianji Well Being Resort &amp; SPA olarak S\u00fcrd\u00fcr\u00fclebilir Turizm gerekliliklerini Otel konseptimize uyumlu olarak uygun faaliyetler ger\u00e7ekle\u015ftirmek ve yasal \u015fartlara uymak temel ama\u00e7lar\u0131m\u0131zdand\u0131r.Misafir ve \u00e7al\u0131\u015fanlar\u0131m\u0131z i\u00e7in sa\u011fl\u0131kl\u0131 ve kaliteli hizmet sa\u011flar bu ko\u015fullara etki edebilecek riskleri de\u011ferlendiririz. Acil durumlarda olu\u015fabilecek\" \/>\n<meta property=\"og:url\" content=\"https:\/\/sianjilife.com\/tr\/surdurulebilirlik-politikamiz\/\" \/>\n<meta property=\"og:site_name\" content=\"SIANJI Well-Being Resort\" \/>\n<meta property=\"article:publisher\" content=\"http:\/\/facebook.com\/sianjibodrum\" \/>\n<meta property=\"article:modified_time\" content=\"2023-12-25T10:55:17+00:00\" \/>\n<meta property=\"og:image\" content=\"https:\/\/sianjilife.com\/wp-content\/uploads\/2024\/01\/bg.png\" \/>\n\t<meta property=\"og:image:width\" content=\"1903\" \/>\n\t<meta property=\"og:image:height\" content=\"888\" \/>\n\t<meta property=\"og:image:type\" content=\"image\/png\" \/>\n<meta name=\"twitter:card\" content=\"summary_large_image\" \/>\n<meta name=\"twitter:site\" content=\"@sianjibodrum\" \/>\n<meta name=\"twitter:label1\" content=\"Tahmini okuma s\u00fcresi\" \/>\n\t<meta name=\"twitter:data1\" content=\"2 dakika\" \/>\n<script type=\"application\/ld+json\" class=\"yoast-schema-graph\">{\"@context\":\"https:\\\/\\\/schema.org\",\"@graph\":[{\"@type\":\"WebPage\",\"@id\":\"https:\\\/\\\/sianjilife.com\\\/tr\\\/surdurulebilirlik-politikamiz\\\/\",\"url\":\"https:\\\/\\\/sianjilife.com\\\/tr\\\/surdurulebilirlik-politikamiz\\\/\",\"name\":\"S\u00fcrd\u00fcr\u00fclebilirlik Politikam\u0131z - SIANJI Well-Being Resort\",\"isPartOf\":{\"@id\":\"https:\\\/\\\/sianjilife.com\\\/tr\\\/#website\"},\"datePublished\":\"2023-12-25T10:50:18+00:00\",\"dateModified\":\"2023-12-25T10:55:17+00:00\",\"breadcrumb\":{\"@id\":\"https:\\\/\\\/sianjilife.com\\\/tr\\\/surdurulebilirlik-politikamiz\\\/#breadcrumb\"},\"inLanguage\":\"tr\",\"potentialAction\":[{\"@type\":\"ReadAction\",\"target\":[\"https:\\\/\\\/sianjilife.com\\\/tr\\\/surdurulebilirlik-politikamiz\\\/\"]}]},{\"@type\":\"BreadcrumbList\",\"@id\":\"https:\\\/\\\/sianjilife.com\\\/tr\\\/surdurulebilirlik-politikamiz\\\/#breadcrumb\",\"itemListElement\":[{\"@type\":\"ListItem\",\"position\":1,\"name\":\"Home\",\"item\":\"https:\\\/\\\/sianjilife.com\\\/tr\\\/\"},{\"@type\":\"ListItem\",\"position\":2,\"name\":\"S\u00fcrd\u00fcr\u00fclebilirlik Politikam\u0131z\"}]},{\"@type\":\"WebSite\",\"@id\":\"https:\\\/\\\/sianjilife.com\\\/tr\\\/#website\",\"url\":\"https:\\\/\\\/sianjilife.com\\\/tr\\\/\",\"name\":\"Sianji Well Being Resort\",\"description\":\"B\u00fct\u00fcnsel iyile\u015fme ve keyifli bir tatil!\",\"publisher\":{\"@id\":\"https:\\\/\\\/sianjilife.com\\\/tr\\\/#organization\"},\"potentialAction\":[{\"@type\":\"SearchAction\",\"target\":{\"@type\":\"EntryPoint\",\"urlTemplate\":\"https:\\\/\\\/sianjilife.com\\\/tr\\\/?s={search_term_string}\"},\"query-input\":{\"@type\":\"PropertyValueSpecification\",\"valueRequired\":true,\"valueName\":\"search_term_string\"}}],\"inLanguage\":\"tr\"},{\"@type\":\"Organization\",\"@id\":\"https:\\\/\\\/sianjilife.com\\\/tr\\\/#organization\",\"name\":\"Sianji Well Being Resort\",\"url\":\"https:\\\/\\\/sianjilife.com\\\/tr\\\/\",\"logo\":{\"@type\":\"ImageObject\",\"inLanguage\":\"tr\",\"@id\":\"https:\\\/\\\/sianjilife.com\\\/tr\\\/#\\\/schema\\\/logo\\\/image\\\/\",\"url\":\"https:\\\/\\\/sianjilife.com\\\/wp-content\\\/uploads\\\/2023\\\/01\\\/sianji-black-logo-new.svg\",\"contentUrl\":\"https:\\\/\\\/sianjilife.com\\\/wp-content\\\/uploads\\\/2023\\\/01\\\/sianji-black-logo-new.svg\",\"width\":803,\"height\":212,\"caption\":\"Sianji Well Being Resort\"},\"image\":{\"@id\":\"https:\\\/\\\/sianjilife.com\\\/tr\\\/#\\\/schema\\\/logo\\\/image\\\/\"},\"sameAs\":[\"http:\\\/\\\/facebook.com\\\/sianjibodrum\",\"https:\\\/\\\/x.com\\\/sianjibodrum\",\"https:\\\/\\\/instagram.com\\\/sianji\",\"https:\\\/\\\/www.tripadvisor.com.tr\\\/UserReviewEdit-d1553772\"]}]}<\/script>\n<!-- \/ Yoast SEO plugin. -->","yoast_head_json":{"title":"S\u00fcrd\u00fcr\u00fclebilirlik Politikam\u0131z - SIANJI Well-Being Resort","robots":{"index":"index","follow":"follow","max-snippet":"max-snippet:-1","max-image-preview":"max-image-preview:large","max-video-preview":"max-video-preview:-1"},"canonical":"https:\/\/sianjilife.com\/tr\/surdurulebilirlik-politikamiz\/","og_locale":"tr_TR","og_type":"article","og_title":"S\u00fcrd\u00fcr\u00fclebilirlik Politikam\u0131z - SIANJI Well-Being Resort","og_description":"Sianji Well Being Resort &amp; SPA olarak S\u00fcrd\u00fcr\u00fclebilir Turizm gerekliliklerini Otel konseptimize uyumlu olarak uygun faaliyetler ger\u00e7ekle\u015ftirmek ve yasal \u015fartlara uymak temel ama\u00e7lar\u0131m\u0131zdand\u0131r.Misafir ve \u00e7al\u0131\u015fanlar\u0131m\u0131z i\u00e7in sa\u011fl\u0131kl\u0131 ve kaliteli hizmet sa\u011flar bu ko\u015fullara etki edebilecek riskleri de\u011ferlendiririz. Acil durumlarda olu\u015fabilecek","og_url":"https:\/\/sianjilife.com\/tr\/surdurulebilirlik-politikamiz\/","og_site_name":"SIANJI Well-Being Resort","article_publisher":"http:\/\/facebook.com\/sianjibodrum","article_modified_time":"2023-12-25T10:55:17+00:00","og_image":[{"width":1903,"height":888,"url":"https:\/\/sianjilife.com\/wp-content\/uploads\/2024\/01\/bg.png","type":"image\/png"}],"twitter_card":"summary_large_image","twitter_site":"@sianjibodrum","twitter_misc":{"Tahmini okuma s\u00fcresi":"2 dakika"},"schema":{"@context":"https:\/\/schema.org","@graph":[{"@type":"WebPage","@id":"https:\/\/sianjilife.com\/tr\/surdurulebilirlik-politikamiz\/","url":"https:\/\/sianjilife.com\/tr\/surdurulebilirlik-politikamiz\/","name":"S\u00fcrd\u00fcr\u00fclebilirlik Politikam\u0131z - SIANJI Well-Being Resort","isPartOf":{"@id":"https:\/\/sianjilife.com\/tr\/#website"},"datePublished":"2023-12-25T10:50:18+00:00","dateModified":"2023-12-25T10:55:17+00:00","breadcrumb":{"@id":"https:\/\/sianjilife.com\/tr\/surdurulebilirlik-politikamiz\/#breadcrumb"},"inLanguage":"tr","potentialAction":[{"@type":"ReadAction","target":["https:\/\/sianjilife.com\/tr\/surdurulebilirlik-politikamiz\/"]}]},{"@type":"BreadcrumbList","@id":"https:\/\/sianjilife.com\/tr\/surdurulebilirlik-politikamiz\/#breadcrumb","itemListElement":[{"@type":"ListItem","position":1,"name":"Home","item":"https:\/\/sianjilife.com\/tr\/"},{"@type":"ListItem","position":2,"name":"S\u00fcrd\u00fcr\u00fclebilirlik Politikam\u0131z"}]},{"@type":"WebSite","@id":"https:\/\/sianjilife.com\/tr\/#website","url":"https:\/\/sianjilife.com\/tr\/","name":"Sianji Well Being Resort","description":"B\u00fct\u00fcnsel iyile\u015fme ve keyifli bir tatil!","publisher":{"@id":"https:\/\/sianjilife.com\/tr\/#organization"},"potentialAction":[{"@type":"SearchAction","target":{"@type":"EntryPoint","urlTemplate":"https:\/\/sianjilife.com\/tr\/?s={search_term_string}"},"query-input":{"@type":"PropertyValueSpecification","valueRequired":true,"valueName":"search_term_string"}}],"inLanguage":"tr"},{"@type":"Organization","@id":"https:\/\/sianjilife.com\/tr\/#organization","name":"Sianji Well Being Resort","url":"https:\/\/sianjilife.com\/tr\/","logo":{"@type":"ImageObject","inLanguage":"tr","@id":"https:\/\/sianjilife.com\/tr\/#\/schema\/logo\/image\/","url":"https:\/\/sianjilife.com\/wp-content\/uploads\/2023\/01\/sianji-black-logo-new.svg","contentUrl":"https:\/\/sianjilife.com\/wp-content\/uploads\/2023\/01\/sianji-black-logo-new.svg","width":803,"height":212,"caption":"Sianji Well Being Resort"},"image":{"@id":"https:\/\/sianjilife.com\/tr\/#\/schema\/logo\/image\/"},"sameAs":["http:\/\/facebook.com\/sianjibodrum","https:\/\/x.com\/sianjibodrum","https:\/\/instagram.com\/sianji","https:\/\/www.tripadvisor.com.tr\/UserReviewEdit-d1553772"]}]}},"_links":{"self":[{"href":"https:\/\/sianjilife.com\/tr\/wp-json\/wp\/v2\/pages\/17950","targetHints":{"allow":["GET"]}}],"collection":[{"href":"https:\/\/sianjilife.com\/tr\/wp-json\/wp\/v2\/pages"}],"about":[{"href":"https:\/\/sianjilife.com\/tr\/wp-json\/wp\/v2\/types\/page"}],"author":[{"embeddable":true,"href":"https:\/\/sianjilife.com\/tr\/wp-json\/wp\/v2\/users\/5"}],"replies":[{"embeddable":true,"href":"https:\/\/sianjilife.com\/tr\/wp-json\/wp\/v2\/comments?post=17950"}],"version-history":[{"count":0,"href":"https:\/\/sianjilife.com\/tr\/wp-json\/wp\/v2\/pages\/17950\/revisions"}],"wp:attachment":[{"href":"https:\/\/sianjilife.com\/tr\/wp-json\/wp\/v2\/media?parent=17950"}],"curies":[{"name":"wp","href":"https:\/\/api.w.org\/{rel}","templated":true}]}}