{"id":13840,"date":"2023-02-08T22:41:09","date_gmt":"2023-02-08T22:41:09","guid":{"rendered":"https:\/\/sianjilife.com\/?page_id=13840"},"modified":"2023-02-08T22:54:04","modified_gmt":"2023-02-08T22:54:04","slug":"cerez-politikasi","status":"publish","type":"page","link":"https:\/\/sianjilife.com\/tr\/cerez-politikasi\/","title":{"rendered":"\u00c7erez Politikas\u0131"},"content":{"rendered":"\t\t<div data-elementor-type=\"wp-page\" data-elementor-id=\"13840\" class=\"elementor elementor-13840\">\n\t\t\t\t\t\t<section class=\"elementor-section elementor-top-section elementor-element elementor-element-5c9da0f4 elementor-section-full_width elementor-section-height-default elementor-section-height-default wpr-particle-no wpr-parallax-no wpr-sticky-section-no wpr-equal-height-no\" data-id=\"5c9da0f4\" data-element_type=\"section\" data-e-type=\"section\" data-settings=\"{&quot;background_background&quot;:&quot;classic&quot;,&quot;pix_scale_in&quot;:&quot;none&quot;}\">\n\t\t\t\t\t\t\t<div class=\"elementor-background-overlay\"><\/div>\n\t\t\t\t\t\t\t<div class=\"elementor-container elementor-column-gap-no\">\n\t\t\t\t\t<div class=\"elementor-column elementor-col-100 elementor-top-column elementor-element elementor-element-26faab38\" data-id=\"26faab38\" data-element_type=\"column\" data-e-type=\"column\" data-settings=\"{&quot;pix_scale_in&quot;:&quot;none&quot;}\">\n\t\t\t<div class=\"elementor-widget-wrap elementor-element-populated\">\n\t\t\t\t\t\t\t<\/div>\n\t\t<\/div>\n\t\t\t\t\t<\/div>\n\t\t<\/section>\n\t\t\t\t<section class=\"elementor-section elementor-top-section elementor-element elementor-element-3734166d elementor-section-stretched elementor-section-full_width elementor-section-height-default elementor-section-height-default wpr-particle-no wpr-jarallax-no wpr-parallax-no wpr-sticky-section-no wpr-equal-height-no\" data-id=\"3734166d\" data-element_type=\"section\" data-e-type=\"section\" data-settings=\"{&quot;stretch_section&quot;:&quot;section-stretched&quot;,&quot;background_background&quot;:&quot;classic&quot;,&quot;pix_scale_in&quot;:&quot;none&quot;}\">\n\t\t\t\t\t\t<div class=\"elementor-container elementor-column-gap-default\">\n\t\t\t\t\t<div class=\"elementor-column elementor-col-100 elementor-top-column elementor-element elementor-element-771dca0c\" data-id=\"771dca0c\" data-element_type=\"column\" data-e-type=\"column\" data-settings=\"{&quot;background_background&quot;:&quot;classic&quot;,&quot;pix_scale_in&quot;:&quot;none&quot;}\">\n\t\t\t<div class=\"elementor-widget-wrap elementor-element-populated\">\n\t\t\t\t\t\t<section class=\"elementor-section elementor-inner-section elementor-element elementor-element-299761f7 elementor-section-boxed elementor-section-height-default elementor-section-height-default wpr-particle-no wpr-jarallax-no wpr-parallax-no wpr-sticky-section-no wpr-equal-height-no\" data-id=\"299761f7\" data-element_type=\"section\" data-e-type=\"section\" data-settings=\"{&quot;pix_scale_in&quot;:&quot;none&quot;}\">\n\t\t\t\t\t\t<div class=\"elementor-container elementor-column-gap-default\">\n\t\t\t\t\t<div class=\"elementor-column elementor-col-100 elementor-inner-column elementor-element elementor-element-29e6e958\" data-id=\"29e6e958\" data-element_type=\"column\" data-e-type=\"column\" data-settings=\"{&quot;pix_scale_in&quot;:&quot;none&quot;}\">\n\t\t\t<div class=\"elementor-widget-wrap elementor-element-populated\">\n\t\t\t\t\t\t<div class=\"elementor-element elementor-element-750cc03f elementor-widget elementor-widget-text-editor\" data-id=\"750cc03f\" data-element_type=\"widget\" data-e-type=\"widget\" data-widget_type=\"text-editor.default\">\n\t\t\t\t\t\t\t\t\t<h3 class=\"privacy-title mt-4 mb-4\">\u00c7EREZ POL\u0130T\u0130KASI<\/h3><p class=\"privacy-info\">Sianji Well-Being Resort olarak \u00e7erez politikam\u0131z a\u015fa\u011f\u0131da belirtildi\u011fi gibidir.<\/p>\t\t\t\t\t\t\t\t<\/div>\n\t\t\t\t\t<\/div>\n\t\t<\/div>\n\t\t\t\t\t<\/div>\n\t\t<\/section>\n\t\t\t\t\t<\/div>\n\t\t<\/div>\n\t\t\t\t\t<\/div>\n\t\t<\/section>\n\t\t\t\t<section class=\"elementor-section elementor-top-section elementor-element elementor-element-143445ec elementor-section-stretched elementor-section-boxed elementor-section-height-default elementor-section-height-default wpr-particle-no wpr-jarallax-no wpr-parallax-no wpr-sticky-section-no wpr-equal-height-no\" data-id=\"143445ec\" data-element_type=\"section\" data-e-type=\"section\" data-settings=\"{&quot;stretch_section&quot;:&quot;section-stretched&quot;,&quot;background_background&quot;:&quot;classic&quot;,&quot;pix_scale_in&quot;:&quot;none&quot;}\">\n\t\t\t\t\t\t<div class=\"elementor-container elementor-column-gap-custom\">\n\t\t\t\t\t<div class=\"elementor-column elementor-col-100 elementor-top-column elementor-element elementor-element-9fff8f7\" data-id=\"9fff8f7\" data-element_type=\"column\" data-e-type=\"column\" data-settings=\"{&quot;pix_scale_in&quot;:&quot;none&quot;}\">\n\t\t\t<div class=\"elementor-widget-wrap elementor-element-populated\">\n\t\t\t\t\t\t<div class=\"elementor-element elementor-element-58f39722 privacy elementor-widget elementor-widget-pix-accordion\" data-id=\"58f39722\" data-element_type=\"widget\" data-e-type=\"widget\" data-widget_type=\"pix-accordion.default\">\n\t\t\t\t<div class=\"elementor-widget-container\">\n\t\t\t\t\t<div class=\"accordion w-100 accordion-card\" id=\"accordion-58f39722\"><div class=\"card\">\n               <div class=\"card-header shadow-sm rounded-lg bg-custom\" id=\"headingpix-tab-58f39722-259ff90\" style=\"background:#EEF2F1 !important\">\n                   <button class=\"btn btn-link d-flex text-left\" type=\"button\" data-toggle=\"collapse\" data-target=\"#collapsepix-tab-58f39722-259ff90\" aria-expanded=\"true\" aria-controls=\"collapsepix-tab-58f39722-259ff90\"><span class=\"d-inline-flex align-self-center text-primary svg-202 text-20 pix-mr-10\"><i class=\" \"><\/i><\/span><span class=\"d-inline-flex font-weight-bold text-black\" >01. SIANJI WELL-BEING RESORT \u00c7EREZLER\u0130 NASIL KULLANMAKTADIR?<\/span><\/button>\n               <\/div>\n\n               <div id=\"collapsepix-tab-58f39722-259ff90\" class=\"collapse \" aria-labelledby=\"headingpix-tab-58f39722-259ff90\">\n                 <div class=\"card-body\"><div id=\"collapseExample\" class=\"collapse show\"><div class=\"privacy-popup-lists\"><div class=\"privacy-popup-lists-title mb-2\">\u00c7erezler web sitemizin fonksiyonel olarak \u00e7al\u0131\u015fmas\u0131n\u0131 sa\u011flamak ve web sitesi kullan\u0131m deneyiminizi artt\u0131rmak amac\u0131yla kullan\u0131r. <a href=\"https:\/\/sianjilife.com\/\">https:\/\/sianjilife.com<\/a>, Ayr\u0131ca web sitesi \u00e7evrimi\u00e7i ziyaret\u00e7i istatistikleri amac\u0131yla Google Analytics kullan\u0131lmaktad\u0131r.<\/div><\/div><\/div><\/div>\n               <\/div>\n             <\/div><div class=\"card\">\n               <div class=\"card-header shadow-sm rounded-lg bg-custom\" id=\"headingpix-tab-58f39722-60bb1ef\" style=\"background:#EEF2F1 !important\">\n                   <button class=\"btn btn-link d-flex text-left\" type=\"button\" data-toggle=\"collapse\" data-target=\"#collapsepix-tab-58f39722-60bb1ef\" aria-expanded=\"true\" aria-controls=\"collapsepix-tab-58f39722-60bb1ef\"><span class=\"d-inline-flex align-self-center text-primary svg-202 text-20 pix-mr-10\"><i class=\" \"><\/i><\/span><span class=\"d-inline-flex font-weight-bold text-black\" >02. SIANJI WELL-BEING RESORT \u00dc\u00c7\u00dcNC\u00dc TARAF \u00c7EREZLER\u0130N\u0130 NASIL KULLANMAKTADIR?<\/span><\/button>\n               <\/div>\n\n               <div id=\"collapsepix-tab-58f39722-60bb1ef\" class=\"collapse \" aria-labelledby=\"headingpix-tab-58f39722-60bb1ef\">\n                 <div class=\"card-body\"><p>Sianji Well-Being Resort Google, Inc. (\"Google\") taraf\u0131ndan sa\u011flanan bir web analizi hizmeti olan Google Analytics kullanmaktad\u0131r. Google Analytics, \u00e7erezleri ziyaret\u00e7ilerin web sitesini nas\u0131l kulland\u0131klar\u0131n\u0131 istatistiki bilgiler\/raporlar ile analiz etmek amac\u0131yla kullan\u0131r. Google Analytics kullan\u0131m\u0131 hakk\u0131nda daha fazla bilgi i\u00e7in (reddetme se\u00e7enekleri dahil), \u015fu adresi ziyaret edebilirsiniz: <a href=\"https:\/\/www.google.com\/intl\/tr\/policies\/privacy\/#https:\/\/www.google.com\/intl\/tr\/policies\/privacy\/\">https:\/\/www.google.com\/intl\/tr\/policies\/privacy\/#infocollect<\/a>\u00a0<\/p><\/div>\n               <\/div>\n             <\/div><div class=\"card\">\n               <div class=\"card-header shadow-sm rounded-lg bg-custom\" id=\"headingpix-tab-58f39722-8f806f2\" style=\"background:#EEF2F1 !important\">\n                   <button class=\"btn btn-link d-flex text-left\" type=\"button\" data-toggle=\"collapse\" data-target=\"#collapsepix-tab-58f39722-8f806f2\" aria-expanded=\"true\" aria-controls=\"collapsepix-tab-58f39722-8f806f2\"><span class=\"d-inline-flex align-self-center text-primary svg-202 text-20 pix-mr-10\"><i class=\" \"><\/i><\/span><span class=\"d-inline-flex font-weight-bold text-black\" >03. \u00c7EREZ Y\u00d6NET\u0130M\u0130<\/span><\/button>\n               <\/div>\n\n               <div id=\"collapsepix-tab-58f39722-8f806f2\" class=\"collapse \" aria-labelledby=\"headingpix-tab-58f39722-8f806f2\">\n                 <div class=\"card-body\"><div class=\"privacy-popup-lists-title mb-2\">\u0130nternet taray\u0131c\u0131n\u0131z\u0131n \u00e7e\u015fidine g\u00f6re a\u015fa\u011f\u0131daki ad\u0131mlar\u0131 izleyerek, \u00e7erezler hakk\u0131nda bilgi edinip, izin verme veya reddetme hakk\u0131n\u0131z\u0131 kullanabilirsiniz:<\/div><ul class=\"ul1\"><li>Google Chrome<\/li><li><a href=\"https:\/\/support.microsoft.com\/tr-tr\/help\/17442\/windows-internet-explorer-delete-manage-cookies\"><span class=\"s2\">Internet Explorer and Edge<\/span><\/a><\/li><li><a href=\"https:\/\/support.mozilla.org\/tr\/kb\/web-sitesi-tercihleri-cerezleri-acip-kapatma\"><span class=\"s2\">Mozilla<\/span><\/a><\/li><li>Opera<span class=\"s6\"><span class=\"Apple-converted-space\">\u00a0<\/span><\/span><\/li><li><a href=\"https:\/\/support.apple.com\/tr-tr\/guide\/safari\/sfri11471\/mac\"><span class=\"s2\">Safari<\/span><\/a><\/li><li><a href=\"https:\/\/support.apple.com\/tr-tr\/HT201265\"><span class=\"s2\">IOS<\/span><\/a><\/li><li><a href=\"https:\/\/support.google.com\/chrome\/answer\/114836?hl=en-GB&amp;co=GENIE.Platform=Android\"><span class=\"s8\">Android<\/span><\/a><\/li><li><a href=\"http:\/\/www.maxthon.com\/privacy\/\"><span class=\"s10\">Maxthon<\/span><\/a><\/li><\/ul><p>\u00a0<\/p><div class=\"privacy-popup-lists-title mb-2\">Di\u011fer browserlar i\u00e7in ilgili browser\u2019\u0131n yard\u0131m veya destek sayfalar\u0131n\u0131 inceleyebilirsiniz. SDK y\u00f6netimi i\u00e7in AdID ve IDFA \u015feklindeki cihaz\u0131n\u0131za ait betimleyicilerin kulllan\u0131lmas\u0131na k\u0131s\u0131tlama getirmek i\u00e7in; IOS i\u015fletim sisteminde cihaz\u0131n\u0131n \u201cGizlilik\u201d butonundan \u201cAnaliz\u201d ve \u201cReklam\u201d sekmelerini se\u00e7erek ve ayn\u0131 sekmedeki \u201cReklam ve Gizlilik\u201d belgesini okuyarak ilerleyiniz. Android i\u015fletim sisteminde ise; \u201cAyarlar\u201d i\u00e7inden \u201cGoogle Ayarlar\u0131\u201d sekmesi i\u00e7indeki \u201cReklamlar\u201d sekmesini se\u00e7erek \u201cReklam bilgilerini kimlik s\u0131f\u0131rlamak i\u00e7in Reklam kimli\u011fini s\u0131f\u0131rla\u201d ve\/veya \u201cReklamlardaki ki\u015fiselle\u015ftirmeyi kapatmak i\u00e7in Reklam Ki\u015fiselle\u015ftirme\u201d se\u00e7eneklerinden ilerleyebilirsiniz. \u0130nternet Tabanl\u0131 Reklamc\u0131l\u0131k yapabilmek i\u00e7in, Veri Y\u00f6netim Platform\u2019u (Data Management Platform, \u201cDMP\u201d) uygulamas\u0131n\u0131 kullanmaktay\u0131z. \u015eirketimiz, DMP\u2019ye \u00e7erez kullan\u0131m\u0131, cross-device\/cross-contact teknolojileri arac\u0131l\u0131\u011f\u0131yla (\u00f6rne\u011fin; statik ID\u2019ler) veya m\u00fc\u015fteri taraf\u0131ndan DMP\u2019ye sa\u011flanan di\u011fer e\u015fsiz betimleyicileri (\u00f6rne\u011fin; cihaz ID\u2019si) kullanarak anonim bir profil olu\u015fturmaktad\u0131r. Bu bilgiler sadece sizinle daha ilgili olan pazarlama i\u00e7eri\u011fini g\u00f6stermek amac\u0131yla kullan\u0131lmaktad\u0131r ve muhafaza edilmektedir. Bu \u00e7erez hakk\u0131nda daha fazla bilgi almak i\u00e7in l\u00fctfen ilgili platformun gizlilik politikas\u0131 sayfas\u0131n\u0131 ziyaret ediniz. \u00c7erez kullan\u0131m\u0131na r\u0131za g\u00f6stermiyorsan\u0131z l\u00fctfen data payla\u015f\u0131m\u0131ndan \u00e7\u0131kmak i\u00e7in ilgili platformun sayfas\u0131n\u0131 ziyaret ediniz. Yukar\u0131daki se\u00e7eneklerin yan\u0131s\u0131ra; t\u00fcm \u00e7erezler hakk\u0131nda bilgi sahibi olmak ve \u00e7erez y\u00f6netimi i\u00e7in:<\/div><ul class=\"ul1\"><li class=\"li12\"><span class=\"s4\"><a href=\"https:\/\/www.allaboutcookies.org\/\"><span class=\"s11\">https:\/\/www.allaboutcookies.org<\/span><\/a><\/span><\/li><li class=\"li13\"><span class=\"s12\"><a href=\"https:\/\/www.youronlinechoices.eu\/\"><span class=\"s13\">https:\/\/www.youronlinechoices.eu\/<\/span><\/a><\/span><\/li><li class=\"li14\"><span class=\"s14\">https:\/\/www.youradchoices.com\/<\/span><span class=\"s15\">\u00a0<\/span><\/li><\/ul><p><span class=\"s1\">or use the \"<strong>Privacy Badger<\/strong>\" application (<a href=\"https:\/\/www.eff.org\/tr\/privacybadger\"><span class=\"s16\">https:\/\/www.eff.org\/tr\/privacybadger<\/span><\/a>).<\/span><\/p><\/div>\n               <\/div>\n             <\/div><div class=\"card\">\n               <div class=\"card-header shadow-sm rounded-lg bg-custom\" id=\"headingpix-tab-58f39722-5ea1776\" style=\"background:#EEF2F1 !important\">\n                   <button class=\"btn btn-link d-flex text-left\" type=\"button\" data-toggle=\"collapse\" data-target=\"#collapsepix-tab-58f39722-5ea1776\" aria-expanded=\"true\" aria-controls=\"collapsepix-tab-58f39722-5ea1776\"><span class=\"d-inline-flex align-self-center text-primary svg-202 text-20 pix-mr-10\"><i class=\" \"><\/i><\/span><span class=\"d-inline-flex font-weight-bold text-black\" >04. \u00c7EREZ \u00c7E\u015e\u0130TLER\u0130<\/span><\/button>\n               <\/div>\n\n               <div id=\"collapsepix-tab-58f39722-5ea1776\" class=\"collapse \" aria-labelledby=\"headingpix-tab-58f39722-5ea1776\">\n                 <div class=\"card-body\"><p>Kullan\u0131m s\u00fcresine g\u00f6re \u00e7erez \u00e7e\u015fitleri: Sianji Well-Being Resort taraf\u0131ndan i\u015fletilen web sitesinde kullan\u0131m s\u00fcrelerine g\u00f6re, oturum \u00e7erezleri ve kal\u0131c\u0131 \u00e7erezler kullanmaktad\u0131r. Oturum \u00e7erezi, taray\u0131c\u0131n\u0131z\u0131 kapatt\u0131\u011f\u0131n\u0131zda sona erer. Kal\u0131c\u0131 \u00e7erez ise sabit diskinizde uzun bir s\u00fcre veya s\u00fcresiz olarak kal\u0131r.<\/p><p>\u00c7erezin sahibi veya \u00e7erezi yerle\u015ftiren tarafa g\u00f6re \u00e7erez \u00e7e\u015fitleri: Sianji Well-Being Resort taraf\u0131ndan i\u015fletilen web sitesine yerle\u015ftiren tarafa g\u00f6re \u201cSianji Well-Being Resort \u00e7erezleri (first party cookie)\u201d ve \"\u00fc\u00e7\u00fcnc\u00fc taraf (third party cookie) \u00e7erezler\" kullan\u0131lmaktad\u0131r. Sianji Well-Being Resort \u00e7erezleri, Sianji Well-Being Resort taraf\u0131ndan olu\u015fturulurken, \u00fc\u00e7\u00fcnc\u00fc taraf \u00e7erezleri ise i\u015fbirli\u011fi yapt\u0131\u011f\u0131m\u0131z \u00fc\u00e7\u00fcnc\u00fc taraf firmalar taraf\u0131ndan y\u00f6netilmektedir.<\/p><p>Kullan\u0131m ama\u00e7lar\u0131na g\u00f6re \u00e7erez \u00e7e\u015fitleri: Sianji Well-Being Resort taraf\u0131ndan i\u015fletilen web sitesinde kullan\u0131m amac\u0131na g\u00f6re; teknik \u00e7erezler kullan\u0131lmaktad\u0131r. Teknik \u00e7erezler web sitesinin i\u015fleyi\u015fi i\u00e7in gerekli olan \u00e7erezlerdir.<\/p><\/div>\n               <\/div>\n             <\/div><\/div>\t\t\t\t<\/div>\n\t\t\t\t<\/div>\n\t\t\t\t\t<\/div>\n\t\t<\/div>\n\t\t\t\t\t<\/div>\n\t\t<\/section>\n\t\t\t\t<\/div>\n\t\t","protected":false},"excerpt":{"rendered":"\u00c7EREZ POL\u0130T\u0130KASISianji Well-Being Resort olarak \u00e7erez politikam\u0131z a\u015fa\u011f\u0131da belirtildi\u011fi gibidir. 01. SIANJI WELL-BEING RESORT \u00c7EREZLER\u0130 NASIL KULLANMAKTADIR? \u00c7erezler web sitemizin fonksiyonel olarak \u00e7al\u0131\u015fmas\u0131n\u0131 sa\u011flamak ve web sitesi kullan\u0131m deneyiminizi artt\u0131rmak amac\u0131yla kullan\u0131r. https:\/\/sianjilife.com, Ayr\u0131ca web sitesi \u00e7evrimi\u00e7i ziyaret\u00e7i istatistikleri amac\u0131yla","protected":false},"author":1,"featured_media":0,"parent":0,"menu_order":0,"comment_status":"closed","ping_status":"closed","template":"elementor_theme","meta":{"_seopress_robots_primary_cat":"","_seopress_titles_title":"","_seopress_titles_desc":"","_seopress_robots_index":"","nf_dc_page":"","googlesitekit_rrm_CAow6IK3DA:productID":"","footnotes":""},"class_list":["post-13840","page","type-page","status-publish","hentry"],"yoast_head":"<!-- This site is optimized with the Yoast SEO plugin v27.3 - https:\/\/yoast.com\/product\/yoast-seo-wordpress\/ -->\n<title>\u00c7erez Politikas\u0131 - SIANJI Well-Being Resort<\/title>\n<meta name=\"robots\" content=\"index, follow, max-snippet:-1, max-image-preview:large, max-video-preview:-1\" \/>\n<link rel=\"canonical\" href=\"https:\/\/sianjilife.com\/tr\/cerez-politikasi\/\" \/>\n<meta property=\"og:locale\" content=\"tr_TR\" \/>\n<meta property=\"og:type\" content=\"article\" \/>\n<meta property=\"og:title\" content=\"\u00c7erez Politikas\u0131 - SIANJI Well-Being Resort\" \/>\n<meta property=\"og:description\" content=\"\u00c7EREZ POL\u0130T\u0130KASISianji Well-Being Resort olarak \u00e7erez politikam\u0131z a\u015fa\u011f\u0131da belirtildi\u011fi gibidir. 01. SIANJI WELL-BEING RESORT \u00c7EREZLER\u0130 NASIL KULLANMAKTADIR? \u00c7erezler web sitemizin fonksiyonel olarak \u00e7al\u0131\u015fmas\u0131n\u0131 sa\u011flamak ve web sitesi kullan\u0131m deneyiminizi artt\u0131rmak amac\u0131yla kullan\u0131r. https:\/\/sianjilife.com, Ayr\u0131ca web sitesi \u00e7evrimi\u00e7i ziyaret\u00e7i istatistikleri amac\u0131yla\" \/>\n<meta property=\"og:url\" content=\"https:\/\/sianjilife.com\/tr\/cerez-politikasi\/\" \/>\n<meta property=\"og:site_name\" content=\"SIANJI Well-Being Resort\" \/>\n<meta property=\"article:publisher\" content=\"http:\/\/facebook.com\/sianjibodrum\" \/>\n<meta property=\"article:modified_time\" content=\"2023-02-08T22:54:04+00:00\" \/>\n<meta property=\"og:image\" content=\"https:\/\/sianjilife.com\/wp-content\/uploads\/2024\/01\/bg.png\" \/>\n\t<meta property=\"og:image:width\" content=\"1903\" \/>\n\t<meta property=\"og:image:height\" content=\"888\" \/>\n\t<meta property=\"og:image:type\" content=\"image\/png\" \/>\n<meta name=\"twitter:card\" content=\"summary_large_image\" \/>\n<meta name=\"twitter:site\" content=\"@sianjibodrum\" \/>\n<meta name=\"twitter:label1\" content=\"Tahmini okuma s\u00fcresi\" \/>\n\t<meta name=\"twitter:data1\" content=\"2 dakika\" \/>\n<script type=\"application\/ld+json\" class=\"yoast-schema-graph\">{\"@context\":\"https:\\\/\\\/schema.org\",\"@graph\":[{\"@type\":\"WebPage\",\"@id\":\"https:\\\/\\\/sianjilife.com\\\/tr\\\/cerez-politikasi\\\/\",\"url\":\"https:\\\/\\\/sianjilife.com\\\/tr\\\/cerez-politikasi\\\/\",\"name\":\"\u00c7erez Politikas\u0131 - SIANJI Well-Being Resort\",\"isPartOf\":{\"@id\":\"https:\\\/\\\/sianjilife.com\\\/tr\\\/#website\"},\"datePublished\":\"2023-02-08T22:41:09+00:00\",\"dateModified\":\"2023-02-08T22:54:04+00:00\",\"breadcrumb\":{\"@id\":\"https:\\\/\\\/sianjilife.com\\\/tr\\\/cerez-politikasi\\\/#breadcrumb\"},\"inLanguage\":\"tr\",\"potentialAction\":[{\"@type\":\"ReadAction\",\"target\":[\"https:\\\/\\\/sianjilife.com\\\/tr\\\/cerez-politikasi\\\/\"]}]},{\"@type\":\"BreadcrumbList\",\"@id\":\"https:\\\/\\\/sianjilife.com\\\/tr\\\/cerez-politikasi\\\/#breadcrumb\",\"itemListElement\":[{\"@type\":\"ListItem\",\"position\":1,\"name\":\"Home\",\"item\":\"https:\\\/\\\/sianjilife.com\\\/tr\\\/\"},{\"@type\":\"ListItem\",\"position\":2,\"name\":\"\u00c7erez Politikas\u0131\"}]},{\"@type\":\"WebSite\",\"@id\":\"https:\\\/\\\/sianjilife.com\\\/tr\\\/#website\",\"url\":\"https:\\\/\\\/sianjilife.com\\\/tr\\\/\",\"name\":\"Sianji Well Being Resort\",\"description\":\"B\u00fct\u00fcnsel iyile\u015fme ve keyifli bir tatil!\",\"publisher\":{\"@id\":\"https:\\\/\\\/sianjilife.com\\\/tr\\\/#organization\"},\"potentialAction\":[{\"@type\":\"SearchAction\",\"target\":{\"@type\":\"EntryPoint\",\"urlTemplate\":\"https:\\\/\\\/sianjilife.com\\\/tr\\\/?s={search_term_string}\"},\"query-input\":{\"@type\":\"PropertyValueSpecification\",\"valueRequired\":true,\"valueName\":\"search_term_string\"}}],\"inLanguage\":\"tr\"},{\"@type\":\"Organization\",\"@id\":\"https:\\\/\\\/sianjilife.com\\\/tr\\\/#organization\",\"name\":\"Sianji Well Being Resort\",\"url\":\"https:\\\/\\\/sianjilife.com\\\/tr\\\/\",\"logo\":{\"@type\":\"ImageObject\",\"inLanguage\":\"tr\",\"@id\":\"https:\\\/\\\/sianjilife.com\\\/tr\\\/#\\\/schema\\\/logo\\\/image\\\/\",\"url\":\"https:\\\/\\\/sianjilife.com\\\/wp-content\\\/uploads\\\/2023\\\/01\\\/sianji-black-logo-new.svg\",\"contentUrl\":\"https:\\\/\\\/sianjilife.com\\\/wp-content\\\/uploads\\\/2023\\\/01\\\/sianji-black-logo-new.svg\",\"width\":803,\"height\":212,\"caption\":\"Sianji Well Being Resort\"},\"image\":{\"@id\":\"https:\\\/\\\/sianjilife.com\\\/tr\\\/#\\\/schema\\\/logo\\\/image\\\/\"},\"sameAs\":[\"http:\\\/\\\/facebook.com\\\/sianjibodrum\",\"https:\\\/\\\/x.com\\\/sianjibodrum\",\"https:\\\/\\\/instagram.com\\\/sianji\",\"https:\\\/\\\/www.tripadvisor.com.tr\\\/UserReviewEdit-d1553772\"]}]}<\/script>\n<!-- \/ Yoast SEO plugin. -->","yoast_head_json":{"title":"\u00c7erez Politikas\u0131 - SIANJI Well-Being Resort","robots":{"index":"index","follow":"follow","max-snippet":"max-snippet:-1","max-image-preview":"max-image-preview:large","max-video-preview":"max-video-preview:-1"},"canonical":"https:\/\/sianjilife.com\/tr\/cerez-politikasi\/","og_locale":"tr_TR","og_type":"article","og_title":"\u00c7erez Politikas\u0131 - SIANJI Well-Being Resort","og_description":"\u00c7EREZ POL\u0130T\u0130KASISianji Well-Being Resort olarak \u00e7erez politikam\u0131z a\u015fa\u011f\u0131da belirtildi\u011fi gibidir. 01. SIANJI WELL-BEING RESORT \u00c7EREZLER\u0130 NASIL KULLANMAKTADIR? \u00c7erezler web sitemizin fonksiyonel olarak \u00e7al\u0131\u015fmas\u0131n\u0131 sa\u011flamak ve web sitesi kullan\u0131m deneyiminizi artt\u0131rmak amac\u0131yla kullan\u0131r. https:\/\/sianjilife.com, Ayr\u0131ca web sitesi \u00e7evrimi\u00e7i ziyaret\u00e7i istatistikleri amac\u0131yla","og_url":"https:\/\/sianjilife.com\/tr\/cerez-politikasi\/","og_site_name":"SIANJI Well-Being Resort","article_publisher":"http:\/\/facebook.com\/sianjibodrum","article_modified_time":"2023-02-08T22:54:04+00:00","og_image":[{"width":1903,"height":888,"url":"https:\/\/sianjilife.com\/wp-content\/uploads\/2024\/01\/bg.png","type":"image\/png"}],"twitter_card":"summary_large_image","twitter_site":"@sianjibodrum","twitter_misc":{"Tahmini okuma s\u00fcresi":"2 dakika"},"schema":{"@context":"https:\/\/schema.org","@graph":[{"@type":"WebPage","@id":"https:\/\/sianjilife.com\/tr\/cerez-politikasi\/","url":"https:\/\/sianjilife.com\/tr\/cerez-politikasi\/","name":"\u00c7erez Politikas\u0131 - SIANJI Well-Being Resort","isPartOf":{"@id":"https:\/\/sianjilife.com\/tr\/#website"},"datePublished":"2023-02-08T22:41:09+00:00","dateModified":"2023-02-08T22:54:04+00:00","breadcrumb":{"@id":"https:\/\/sianjilife.com\/tr\/cerez-politikasi\/#breadcrumb"},"inLanguage":"tr","potentialAction":[{"@type":"ReadAction","target":["https:\/\/sianjilife.com\/tr\/cerez-politikasi\/"]}]},{"@type":"BreadcrumbList","@id":"https:\/\/sianjilife.com\/tr\/cerez-politikasi\/#breadcrumb","itemListElement":[{"@type":"ListItem","position":1,"name":"Home","item":"https:\/\/sianjilife.com\/tr\/"},{"@type":"ListItem","position":2,"name":"\u00c7erez Politikas\u0131"}]},{"@type":"WebSite","@id":"https:\/\/sianjilife.com\/tr\/#website","url":"https:\/\/sianjilife.com\/tr\/","name":"Sianji Well Being Resort","description":"B\u00fct\u00fcnsel iyile\u015fme ve keyifli bir tatil!","publisher":{"@id":"https:\/\/sianjilife.com\/tr\/#organization"},"potentialAction":[{"@type":"SearchAction","target":{"@type":"EntryPoint","urlTemplate":"https:\/\/sianjilife.com\/tr\/?s={search_term_string}"},"query-input":{"@type":"PropertyValueSpecification","valueRequired":true,"valueName":"search_term_string"}}],"inLanguage":"tr"},{"@type":"Organization","@id":"https:\/\/sianjilife.com\/tr\/#organization","name":"Sianji Well Being Resort","url":"https:\/\/sianjilife.com\/tr\/","logo":{"@type":"ImageObject","inLanguage":"tr","@id":"https:\/\/sianjilife.com\/tr\/#\/schema\/logo\/image\/","url":"https:\/\/sianjilife.com\/wp-content\/uploads\/2023\/01\/sianji-black-logo-new.svg","contentUrl":"https:\/\/sianjilife.com\/wp-content\/uploads\/2023\/01\/sianji-black-logo-new.svg","width":803,"height":212,"caption":"Sianji Well Being Resort"},"image":{"@id":"https:\/\/sianjilife.com\/tr\/#\/schema\/logo\/image\/"},"sameAs":["http:\/\/facebook.com\/sianjibodrum","https:\/\/x.com\/sianjibodrum","https:\/\/instagram.com\/sianji","https:\/\/www.tripadvisor.com.tr\/UserReviewEdit-d1553772"]}]}},"_links":{"self":[{"href":"https:\/\/sianjilife.com\/tr\/wp-json\/wp\/v2\/pages\/13840","targetHints":{"allow":["GET"]}}],"collection":[{"href":"https:\/\/sianjilife.com\/tr\/wp-json\/wp\/v2\/pages"}],"about":[{"href":"https:\/\/sianjilife.com\/tr\/wp-json\/wp\/v2\/types\/page"}],"author":[{"embeddable":true,"href":"https:\/\/sianjilife.com\/tr\/wp-json\/wp\/v2\/users\/1"}],"replies":[{"embeddable":true,"href":"https:\/\/sianjilife.com\/tr\/wp-json\/wp\/v2\/comments?post=13840"}],"version-history":[{"count":0,"href":"https:\/\/sianjilife.com\/tr\/wp-json\/wp\/v2\/pages\/13840\/revisions"}],"wp:attachment":[{"href":"https:\/\/sianjilife.com\/tr\/wp-json\/wp\/v2\/media?parent=13840"}],"curies":[{"name":"wp","href":"https:\/\/api.w.org\/{rel}","templated":true}]}}