{"id":13521,"date":"2023-02-07T13:12:23","date_gmt":"2023-02-07T13:12:23","guid":{"rendered":"https:\/\/sianjilife.com\/?page_id=13521"},"modified":"2023-03-20T17:24:04","modified_gmt":"2023-03-20T17:24:04","slug":"etkinlik-takvimi","status":"publish","type":"page","link":"https:\/\/sianjilife.com\/tr\/etkinlik-takvimi\/","title":{"rendered":"Etkinlik Takvimi"},"content":{"rendered":"\t\t<div data-elementor-type=\"wp-page\" data-elementor-id=\"13521\" class=\"elementor elementor-13521\">\n\t\t\t\t\t\t<section class=\"wpr-jarallax elementor-section elementor-top-section elementor-element elementor-element-79dc82f3 elementor-section-full_width wpr-jarallax-yes elementor-section-height-default elementor-section-height-default wpr-particle-no wpr-parallax-no wpr-sticky-section-no wpr-equal-height-no\" speed-data=\"1.4\" bg-image=\"https:\/\/sianjilife.com\/wp-content\/uploads\/2023\/01\/2.jpg\" bg-image-mobile=\"\" scroll-effect=\"scroll\" data-id=\"79dc82f3\" data-element_type=\"section\" data-e-type=\"section\" data-settings=\"{&quot;background_background&quot;:&quot;classic&quot;,&quot;pix_scale_in&quot;:&quot;none&quot;}\">\n\t\t\t\t\t\t\t<div class=\"elementor-background-overlay\"><\/div>\n\t\t\t\t\t\t\t<div class=\"elementor-container elementor-column-gap-no\">\n\t\t\t\t\t<div class=\"elementor-column elementor-col-100 elementor-top-column elementor-element elementor-element-153f5846\" data-id=\"153f5846\" data-element_type=\"column\" data-e-type=\"column\" data-settings=\"{&quot;pix_scale_in&quot;:&quot;none&quot;}\">\n\t\t\t<div class=\"elementor-widget-wrap elementor-element-populated\">\n\t\t\t\t\t\t\t<\/div>\n\t\t<\/div>\n\t\t\t\t\t<\/div>\n\t\t<\/section>\n\t\t\t\t<section class=\"elementor-section elementor-top-section elementor-element elementor-element-5f7f3bba elementor-section-stretched elementor-section-full_width elementor-section-height-default elementor-section-height-default wpr-particle-no wpr-jarallax-no wpr-parallax-no wpr-sticky-section-no wpr-equal-height-no\" data-id=\"5f7f3bba\" data-element_type=\"section\" data-e-type=\"section\" data-settings=\"{&quot;stretch_section&quot;:&quot;section-stretched&quot;,&quot;background_background&quot;:&quot;classic&quot;,&quot;pix_scale_in&quot;:&quot;none&quot;}\">\n\t\t\t\t\t\t<div class=\"elementor-container elementor-column-gap-default\">\n\t\t\t\t\t<div class=\"elementor-column elementor-col-100 elementor-top-column elementor-element elementor-element-10165565\" data-id=\"10165565\" data-element_type=\"column\" data-e-type=\"column\" data-settings=\"{&quot;pix_scale_in&quot;:&quot;none&quot;}\">\n\t\t\t<div class=\"elementor-widget-wrap elementor-element-populated\">\n\t\t\t\t\t\t<section class=\"elementor-section elementor-inner-section elementor-element elementor-element-3e49cb9 elementor-section-boxed elementor-section-height-default elementor-section-height-default wpr-particle-no wpr-jarallax-no wpr-parallax-no wpr-sticky-section-no wpr-equal-height-no\" data-id=\"3e49cb9\" data-element_type=\"section\" data-e-type=\"section\" data-settings=\"{&quot;pix_scale_in&quot;:&quot;none&quot;}\">\n\t\t\t\t\t\t<div class=\"elementor-container elementor-column-gap-default\">\n\t\t\t\t\t<div class=\"elementor-column elementor-col-100 elementor-inner-column elementor-element elementor-element-1bd86fa\" data-id=\"1bd86fa\" data-element_type=\"column\" data-e-type=\"column\" data-settings=\"{&quot;pix_scale_in&quot;:&quot;none&quot;}\">\n\t\t\t<div class=\"elementor-widget-wrap elementor-element-populated\">\n\t\t\t\t\t\t<div class=\"elementor-element elementor-element-3db7f29 elementor-widget elementor-widget-text-editor\" data-id=\"3db7f29\" data-element_type=\"widget\" data-e-type=\"widget\" data-widget_type=\"text-editor.default\">\n\t\t\t\t\t\t\t\t\t<h4>ETK\u0130NL\u0130K TAKV\u0130M\u0130<\/h4><p>E\u011flenceli ve keyifli zaman ge\u00e7irmeniz i\u00e7in her ayr\u0131nt\u0131y\u0131 d\u00fc\u015f\u00fcnd\u00fck. Tatilinizi daha da unutulmaz k\u0131lmak i\u00e7in harika etkinlik takvimimizi takip edin ve keyif dolu bir tatilin tad\u0131n\u0131 \u00e7\u0131kar\u0131n.<\/p>\t\t\t\t\t\t\t\t<\/div>\n\t\t\t\t\t<\/div>\n\t\t<\/div>\n\t\t\t\t\t<\/div>\n\t\t<\/section>\n\t\t\t\t\t<\/div>\n\t\t<\/div>\n\t\t\t\t\t<\/div>\n\t\t<\/section>\n\t\t\t\t<section class=\"elementor-section elementor-top-section elementor-element elementor-element-12ae8b8 elementor-section-stretched elementor-section-boxed elementor-section-height-default elementor-section-height-default wpr-particle-no wpr-jarallax-no wpr-parallax-no wpr-sticky-section-no wpr-equal-height-no\" data-id=\"12ae8b8\" data-element_type=\"section\" data-e-type=\"section\" data-settings=\"{&quot;stretch_section&quot;:&quot;section-stretched&quot;,&quot;background_background&quot;:&quot;classic&quot;,&quot;pix_scale_in&quot;:&quot;none&quot;}\">\n\t\t\t\t\t\t<div class=\"elementor-container elementor-column-gap-default\">\n\t\t\t\t\t<div class=\"elementor-column elementor-col-100 elementor-top-column elementor-element elementor-element-f0ffcd7\" data-id=\"f0ffcd7\" data-element_type=\"column\" data-e-type=\"column\" data-settings=\"{&quot;pix_scale_in&quot;:&quot;none&quot;}\">\n\t\t\t<div class=\"elementor-widget-wrap\">\n\t\t\t\t\t\t\t<\/div>\n\t\t<\/div>\n\t\t\t\t\t<\/div>\n\t\t<\/section>\n\t\t\t\t<\/div>\n\t\t","protected":false},"excerpt":{"rendered":"ETK\u0130NL\u0130K TAKV\u0130M\u0130E\u011flenceli ve keyifli zaman ge\u00e7irmeniz i\u00e7in her ayr\u0131nt\u0131y\u0131 d\u00fc\u015f\u00fcnd\u00fck. Tatilinizi daha da unutulmaz k\u0131lmak i\u00e7in harika etkinlik takvimimizi takip edin ve keyif dolu bir tatilin tad\u0131n\u0131 \u00e7\u0131kar\u0131n. There is no Event","protected":false},"author":1,"featured_media":0,"parent":0,"menu_order":0,"comment_status":"closed","ping_status":"closed","template":"elementor_theme","meta":{"_seopress_robots_primary_cat":"","_seopress_titles_title":"","_seopress_titles_desc":"","_seopress_robots_index":"","nf_dc_page":"","googlesitekit_rrm_CAow6IK3DA:productID":"","footnotes":""},"class_list":["post-13521","page","type-page","status-publish","hentry"],"yoast_head":"<!-- This site is optimized with the Yoast SEO plugin v27.3 - https:\/\/yoast.com\/product\/yoast-seo-wordpress\/ -->\n<title>Etkinlik Takvimi - SIANJI Well-Being Resort<\/title>\n<meta name=\"robots\" content=\"index, follow, max-snippet:-1, max-image-preview:large, max-video-preview:-1\" \/>\n<link rel=\"canonical\" href=\"https:\/\/sianjilife.com\/tr\/etkinlik-takvimi\/\" \/>\n<meta property=\"og:locale\" content=\"tr_TR\" \/>\n<meta property=\"og:type\" content=\"article\" \/>\n<meta property=\"og:title\" content=\"Etkinlik Takvimi - SIANJI Well-Being Resort\" \/>\n<meta property=\"og:description\" content=\"ETK\u0130NL\u0130K TAKV\u0130M\u0130E\u011flenceli ve keyifli zaman ge\u00e7irmeniz i\u00e7in her ayr\u0131nt\u0131y\u0131 d\u00fc\u015f\u00fcnd\u00fck. Tatilinizi daha da unutulmaz k\u0131lmak i\u00e7in harika etkinlik takvimimizi takip edin ve keyif dolu bir tatilin tad\u0131n\u0131 \u00e7\u0131kar\u0131n. There is no Event\" \/>\n<meta property=\"og:url\" content=\"https:\/\/sianjilife.com\/tr\/etkinlik-takvimi\/\" \/>\n<meta property=\"og:site_name\" content=\"SIANJI Well-Being Resort\" \/>\n<meta property=\"article:publisher\" content=\"http:\/\/facebook.com\/sianjibodrum\" \/>\n<meta property=\"article:modified_time\" content=\"2023-03-20T17:24:04+00:00\" \/>\n<meta property=\"og:image\" content=\"https:\/\/sianjilife.com\/wp-content\/uploads\/2024\/01\/bg.png\" \/>\n\t<meta property=\"og:image:width\" content=\"1903\" \/>\n\t<meta property=\"og:image:height\" content=\"888\" \/>\n\t<meta property=\"og:image:type\" content=\"image\/png\" \/>\n<meta name=\"twitter:card\" content=\"summary_large_image\" \/>\n<meta name=\"twitter:site\" content=\"@sianjibodrum\" \/>\n<meta name=\"twitter:label1\" content=\"Tahmini okuma s\u00fcresi\" \/>\n\t<meta name=\"twitter:data1\" content=\"1 dakika\" \/>\n<script type=\"application\/ld+json\" class=\"yoast-schema-graph\">{\"@context\":\"https:\\\/\\\/schema.org\",\"@graph\":[{\"@type\":\"WebPage\",\"@id\":\"https:\\\/\\\/sianjilife.com\\\/tr\\\/etkinlik-takvimi\\\/\",\"url\":\"https:\\\/\\\/sianjilife.com\\\/tr\\\/etkinlik-takvimi\\\/\",\"name\":\"Etkinlik Takvimi - SIANJI Well-Being Resort\",\"isPartOf\":{\"@id\":\"https:\\\/\\\/sianjilife.com\\\/tr\\\/#website\"},\"datePublished\":\"2023-02-07T13:12:23+00:00\",\"dateModified\":\"2023-03-20T17:24:04+00:00\",\"breadcrumb\":{\"@id\":\"https:\\\/\\\/sianjilife.com\\\/tr\\\/etkinlik-takvimi\\\/#breadcrumb\"},\"inLanguage\":\"tr\",\"potentialAction\":[{\"@type\":\"ReadAction\",\"target\":[\"https:\\\/\\\/sianjilife.com\\\/tr\\\/etkinlik-takvimi\\\/\"]}]},{\"@type\":\"BreadcrumbList\",\"@id\":\"https:\\\/\\\/sianjilife.com\\\/tr\\\/etkinlik-takvimi\\\/#breadcrumb\",\"itemListElement\":[{\"@type\":\"ListItem\",\"position\":1,\"name\":\"Home\",\"item\":\"https:\\\/\\\/sianjilife.com\\\/tr\\\/\"},{\"@type\":\"ListItem\",\"position\":2,\"name\":\"Etkinlik Takvimi\"}]},{\"@type\":\"WebSite\",\"@id\":\"https:\\\/\\\/sianjilife.com\\\/tr\\\/#website\",\"url\":\"https:\\\/\\\/sianjilife.com\\\/tr\\\/\",\"name\":\"Sianji Well Being Resort\",\"description\":\"B\u00fct\u00fcnsel iyile\u015fme ve keyifli bir tatil!\",\"publisher\":{\"@id\":\"https:\\\/\\\/sianjilife.com\\\/tr\\\/#organization\"},\"potentialAction\":[{\"@type\":\"SearchAction\",\"target\":{\"@type\":\"EntryPoint\",\"urlTemplate\":\"https:\\\/\\\/sianjilife.com\\\/tr\\\/?s={search_term_string}\"},\"query-input\":{\"@type\":\"PropertyValueSpecification\",\"valueRequired\":true,\"valueName\":\"search_term_string\"}}],\"inLanguage\":\"tr\"},{\"@type\":\"Organization\",\"@id\":\"https:\\\/\\\/sianjilife.com\\\/tr\\\/#organization\",\"name\":\"Sianji Well Being Resort\",\"url\":\"https:\\\/\\\/sianjilife.com\\\/tr\\\/\",\"logo\":{\"@type\":\"ImageObject\",\"inLanguage\":\"tr\",\"@id\":\"https:\\\/\\\/sianjilife.com\\\/tr\\\/#\\\/schema\\\/logo\\\/image\\\/\",\"url\":\"https:\\\/\\\/sianjilife.com\\\/wp-content\\\/uploads\\\/2023\\\/01\\\/sianji-black-logo-new.svg\",\"contentUrl\":\"https:\\\/\\\/sianjilife.com\\\/wp-content\\\/uploads\\\/2023\\\/01\\\/sianji-black-logo-new.svg\",\"width\":803,\"height\":212,\"caption\":\"Sianji Well Being Resort\"},\"image\":{\"@id\":\"https:\\\/\\\/sianjilife.com\\\/tr\\\/#\\\/schema\\\/logo\\\/image\\\/\"},\"sameAs\":[\"http:\\\/\\\/facebook.com\\\/sianjibodrum\",\"https:\\\/\\\/x.com\\\/sianjibodrum\",\"https:\\\/\\\/instagram.com\\\/sianji\",\"https:\\\/\\\/www.tripadvisor.com.tr\\\/UserReviewEdit-d1553772\"]}]}<\/script>\n<!-- \/ Yoast SEO plugin. -->","yoast_head_json":{"title":"Etkinlik Takvimi - SIANJI Well-Being Resort","robots":{"index":"index","follow":"follow","max-snippet":"max-snippet:-1","max-image-preview":"max-image-preview:large","max-video-preview":"max-video-preview:-1"},"canonical":"https:\/\/sianjilife.com\/tr\/etkinlik-takvimi\/","og_locale":"tr_TR","og_type":"article","og_title":"Etkinlik Takvimi - SIANJI Well-Being Resort","og_description":"ETK\u0130NL\u0130K TAKV\u0130M\u0130E\u011flenceli ve keyifli zaman ge\u00e7irmeniz i\u00e7in her ayr\u0131nt\u0131y\u0131 d\u00fc\u015f\u00fcnd\u00fck. Tatilinizi daha da unutulmaz k\u0131lmak i\u00e7in harika etkinlik takvimimizi takip edin ve keyif dolu bir tatilin tad\u0131n\u0131 \u00e7\u0131kar\u0131n. There is no Event","og_url":"https:\/\/sianjilife.com\/tr\/etkinlik-takvimi\/","og_site_name":"SIANJI Well-Being Resort","article_publisher":"http:\/\/facebook.com\/sianjibodrum","article_modified_time":"2023-03-20T17:24:04+00:00","og_image":[{"width":1903,"height":888,"url":"https:\/\/sianjilife.com\/wp-content\/uploads\/2024\/01\/bg.png","type":"image\/png"}],"twitter_card":"summary_large_image","twitter_site":"@sianjibodrum","twitter_misc":{"Tahmini okuma s\u00fcresi":"1 dakika"},"schema":{"@context":"https:\/\/schema.org","@graph":[{"@type":"WebPage","@id":"https:\/\/sianjilife.com\/tr\/etkinlik-takvimi\/","url":"https:\/\/sianjilife.com\/tr\/etkinlik-takvimi\/","name":"Etkinlik Takvimi - SIANJI Well-Being Resort","isPartOf":{"@id":"https:\/\/sianjilife.com\/tr\/#website"},"datePublished":"2023-02-07T13:12:23+00:00","dateModified":"2023-03-20T17:24:04+00:00","breadcrumb":{"@id":"https:\/\/sianjilife.com\/tr\/etkinlik-takvimi\/#breadcrumb"},"inLanguage":"tr","potentialAction":[{"@type":"ReadAction","target":["https:\/\/sianjilife.com\/tr\/etkinlik-takvimi\/"]}]},{"@type":"BreadcrumbList","@id":"https:\/\/sianjilife.com\/tr\/etkinlik-takvimi\/#breadcrumb","itemListElement":[{"@type":"ListItem","position":1,"name":"Home","item":"https:\/\/sianjilife.com\/tr\/"},{"@type":"ListItem","position":2,"name":"Etkinlik Takvimi"}]},{"@type":"WebSite","@id":"https:\/\/sianjilife.com\/tr\/#website","url":"https:\/\/sianjilife.com\/tr\/","name":"Sianji Well Being Resort","description":"B\u00fct\u00fcnsel iyile\u015fme ve keyifli bir tatil!","publisher":{"@id":"https:\/\/sianjilife.com\/tr\/#organization"},"potentialAction":[{"@type":"SearchAction","target":{"@type":"EntryPoint","urlTemplate":"https:\/\/sianjilife.com\/tr\/?s={search_term_string}"},"query-input":{"@type":"PropertyValueSpecification","valueRequired":true,"valueName":"search_term_string"}}],"inLanguage":"tr"},{"@type":"Organization","@id":"https:\/\/sianjilife.com\/tr\/#organization","name":"Sianji Well Being Resort","url":"https:\/\/sianjilife.com\/tr\/","logo":{"@type":"ImageObject","inLanguage":"tr","@id":"https:\/\/sianjilife.com\/tr\/#\/schema\/logo\/image\/","url":"https:\/\/sianjilife.com\/wp-content\/uploads\/2023\/01\/sianji-black-logo-new.svg","contentUrl":"https:\/\/sianjilife.com\/wp-content\/uploads\/2023\/01\/sianji-black-logo-new.svg","width":803,"height":212,"caption":"Sianji Well Being Resort"},"image":{"@id":"https:\/\/sianjilife.com\/tr\/#\/schema\/logo\/image\/"},"sameAs":["http:\/\/facebook.com\/sianjibodrum","https:\/\/x.com\/sianjibodrum","https:\/\/instagram.com\/sianji","https:\/\/www.tripadvisor.com.tr\/UserReviewEdit-d1553772"]}]}},"_links":{"self":[{"href":"https:\/\/sianjilife.com\/tr\/wp-json\/wp\/v2\/pages\/13521","targetHints":{"allow":["GET"]}}],"collection":[{"href":"https:\/\/sianjilife.com\/tr\/wp-json\/wp\/v2\/pages"}],"about":[{"href":"https:\/\/sianjilife.com\/tr\/wp-json\/wp\/v2\/types\/page"}],"author":[{"embeddable":true,"href":"https:\/\/sianjilife.com\/tr\/wp-json\/wp\/v2\/users\/1"}],"replies":[{"embeddable":true,"href":"https:\/\/sianjilife.com\/tr\/wp-json\/wp\/v2\/comments?post=13521"}],"version-history":[{"count":0,"href":"https:\/\/sianjilife.com\/tr\/wp-json\/wp\/v2\/pages\/13521\/revisions"}],"wp:attachment":[{"href":"https:\/\/sianjilife.com\/tr\/wp-json\/wp\/v2\/media?parent=13521"}],"curies":[{"name":"wp","href":"https:\/\/api.w.org\/{rel}","templated":true}]}}